{"id":2595,"date":"2016-10-08T17:24:58","date_gmt":"2016-10-08T20:24:58","guid":{"rendered":"https:\/\/www.disneyguia.com.br\/web\/?page_id=2595"},"modified":"2024-05-02T15:38:48","modified_gmt":"2024-05-02T18:38:48","slug":"2023-orlando-passo-a-passo-d3","status":"publish","type":"page","link":"https:\/\/www.disneyguia.com.br\/web\/2023-orlando-passo-a-passo-d3\/","title":{"rendered":"2023 \u2013 Orlando Passo a Passo D3"},"content":{"rendered":"<p style=\"color: rgb(242, 242, 242); background-color: rgb(40, 40, 40); margin-top: 0px !important; margin-bottom: 0px !important; padding-bottom: 3px !important; padding-top: 3px !important; text-align: left;\"><span style=\"font-size: 27px;\"><span>&nbsp; \ufeff O\ufeff\ufeffRLANDO<\/span>\ufeff\ufeff\ufeff\ufeff\ufeff\ufeff\ufeff\ufeffPASSOAPASSO<\/span><span style=\"font-size: 27px;\">&nbsp;<\/span> &nbsp; &nbsp; &nbsp; &nbsp; &nbsp; &nbsp; &nbsp; &nbsp; &nbsp; &nbsp; &nbsp; &nbsp; &nbsp; &nbsp; &nbsp; &nbsp; &nbsp; &nbsp; &nbsp; &nbsp; &nbsp; &nbsp; &nbsp; &nbsp; &nbsp; &nbsp; &nbsp; &nbsp; &nbsp; &nbsp;&nbsp;<span style=\"font-size: 16px;\"><span>Sua Viagem Perfeita pra Orlando<span style=\"font-size: 26px;\">| <span style=\"font-size: 16px;\">Inscri\u00e7\u00f5es Abertas<\/span><\/span><\/span><\/span><\/p>\n<p style=\"color: rgb(242, 242, 242); background-color: rgb(40, 40, 40); margin-top: 0px !important; margin-bottom: 0px !important; padding-bottom: 3px !important; padding-top: 3px !important; text-align: left;\"><span style=\"font-size: 26px;\"><span>&nbsp; \ufeff&nbsp;O\ufeff\ufeffRLANDO<\/span>\ufeff\ufeff\ufeff\ufeff\ufeff\ufeff\ufeff\ufeffPASSOAPASSO<\/span> &nbsp;<\/p>\n<h3 style=\"text-align: center;\"><strong>Ol\u00e1, sua viagem perfeita pra Orlando come\u00e7a aqui!<\/strong><\/h3>\n<p>Enter your text here&#8230;<\/p>\n<h2 style=\"text-align: center;\">30 Dias de Garantia.&nbsp;<strong><span>Risco Zero Pra Voc\u00ea.<\/span><\/strong><\/h2>\n<p><span style=\"\"><a href=\"http:\/\/www.disneyguia.com.br\/web\/wp-content\/uploads\/2020\/08\/garantia-de-30-dias-ou-seu-dinheiro-de-volta-copy.png\"><img decoding=\"async\" alt=\"\" data-id=\"2132\" width=\"173\" data-init-width=\"450\" height=\"151\" data-init-height=\"392\" title=\"garantia-de-30-dias-ou-seu-dinheiro-de-volta-copy\" loading=\"lazy\" src=\"\/\/www.disneyguia.com.br\/web\/wp-content\/uploads\/2020\/08\/garantia-de-30-dias-ou-seu-dinheiro-de-volta-copy.png\" data-width=\"173\" data-height=\"151\" data-link-wrap=\"true\" scale=\"0\" style=\"margin-left: 0px; aspect-ratio: auto 450 \/ 392;\" mt-d=\"-1\"><\/a><\/span><\/p>\n<p style=\"text-align: justify;\"><strong>Fa\u00e7a parte do Orlando Passo a Passo por 30 dias sem risco algum de jogar seu dinheiro fora!<\/strong><\/p>\n<p style=\"text-align: justify;\">Voc\u00ea pode entrar no Orlando Passo a Passo hoje, aproveitar todo o material e se dentro de 30 dias voc\u00ea achar que o curso n\u00e3o te ajudou \u2013 \u00e9 s\u00f3 me mandar um email dentro desses 30 dias que voc\u00ea recebe TODO O SEU DINHEIRO de volta!<\/p>\n<p style=\"\">\n<p><strong>PRA QUEM \u00c9 O ORLANDO PASSO A PASSO:<\/strong><\/p>\n<ul>\n<li style=\"font-size: var(--tve-font-size, 16px)  !important;\"><span style=\"\">Pra quem quer ver mais atra\u00e7\u00f5es e pegar menos filas nos parques de Orlando<\/span><\/li>\n<li style=\"font-size: var(--tve-font-size, 16px)  !important;\"><span style=\"\">Pra quem quer economizar na viagem<\/span><\/li>\n<li style=\"font-size: var(--tve-font-size, 16px)  !important;\"><span style=\"\">Pessoas que sentem o peso da responsabilidade de proporcionar a viagem perfeita para a sua fam\u00edlia e querem estar seguras de suas decis\u00f5es ao planejar a viagem<\/span><\/li>\n<li style=\"font-size: var(--tve-font-size, 16px)  !important;\"><span style=\"\">Pessoas que querem aprender a fazer seus pr\u00f3prios roteiros personalizados, que v\u00e3o ficar melhor do que roteiros pagos elaborados por profissionais&nbsp;<\/span><\/li>\n<li style=\"font-size: var(--tve-font-size, 16px)  !important;\"><span style=\"\">Pra quem quer trabalhar vendendo roteiros personalizados<\/span><\/li>\n<li style=\"font-size: var(--tve-font-size, 16px)  !important;\"><span style=\"\">Agentes e consultores de viagens que querem aprimorar seus conhecimentos no destino Orlando<\/span><\/li>\n<\/ul>\n<h3 style=\"text-align: center;\">O que voc\u00ea receb no Orlando Passo a Passo<\/h3>\n<h4 style=\"\">Roteiros de todos os parques<\/h4>\n<p>Roteiros prontos com a melhor ordem das atra\u00e7\u00f5es a seguir pra evitar filas nos parques Disney, Universal, Sea World e Busch Gardens. Roteiros com e sem Genie.<\/p>\n<h4 style=\"\">Conhe\u00e7a os parques<\/h4>\n<p>V\u00eddeos de todos os parques detalhando cada atra\u00e7\u00e3o, pra voc\u00ea decidir quais ser\u00e3o prioridade para a sua fam\u00edlia<\/p>\n<h4 style=\"\">Materiais Complementares<\/h4>\n<p>Guias digitais, planilhas, checklist de viagem e aulas extras.<\/p>\n<h4 style=\"\">Encontros de Mentoria em Grupo<\/h4>\n<p style=\"line-height: 1.75em !important;\">24 encontros online no Zoom ao vivo pra tirar d\u00favidas e an\u00e1lise de roteiros. Os encontros ficam gravados na \u00e1rea de alunos, pra voc\u00ea assistir quando quiser.<\/p>\n<h4>Hospedagem, Transporte e Mais<\/h4>\n<p style=\"line-height: 1.75em !important;\">Aulas sobre os melhores tipos de hospedagem, sobre como economizar nos ingressos, se vale a pena alugar carro e mais.<\/p>\n<h4 style=\"\">Grupo Exclusivo de Alunos<\/h4>\n<p style=\"line-height: 1.75em !important;\">Grupo secreto no Facebook, exclusivo de alunos, para tirar d\u00favidas sobre a viagem<\/p>\n<h4 style=\"\">Revis\u00e3o de Roteiro<\/h4>\n<p style=\"line-height: 1.75em !important;\">Planilha de programa\u00e7\u00e3o da viagem online, onde eu e voc\u00ea temos acesso, para que voc\u00ea v\u00e1 preenchendo e eu possa revisar e sugerir melhorias.<\/p>\n<h4 style=\"\">Genie+ e Filas R\u00e1pidas<\/h4>\n<p style=\"line-height: 1.75em !important;\">Guia completo sobre o Genie+ e outros sistemas de filas r\u00e1pidas &#8211; como funciona, como agendar, se vale a pena, etc<\/p>\n<h4 style=\"\">2 anos de acesso<\/h4>\n<p style=\"line-height: 1.75em !important;\">Voc\u00ea vai pagar o valor de um ano de acesso e ganhar o segundo ano gr\u00e1tis!<\/p>\n<p style=\"\"><strong><span><span><span><span><span><span>O que os alunos do Orlando Passo a Passo est\u00e3o dizendo&#8230;<\/span><\/span><\/span><\/span><\/span><\/span><\/strong><\/p>\n<p><em>Pra mim o Orlando Passo a Passo fez toda a diferen\u00e7a. Minha viagem foi perfeita, tudo saiu exatamente como planejado e at\u00e9 pra plano B eu tinha roteiro. N\u00e3o entendo como tem gente que vai pra Disney sem ter essas informa\u00e7\u00f5es. Tem gente que aprende com os pr\u00f3prios erros mas \u00e9 bem pior assim. Ainda bem que descobri o OPP a tempo!<\/em><\/p>\n<p><span style=\"width: 100%;\"><a href=\"http:\/\/www.disneyguia.com.br\/web\/wp-content\/uploads\/2020\/08\/SARA-PORTELA.jpg\"><img decoding=\"async\" alt=\"\" width=\"81\" height=\"82\" title=\"SARA PORTELA\" data-id=\"2160\" src=\"\/\/www.disneyguia.com.br\/web\/wp-content\/uploads\/2020\/08\/SARA-PORTELA.jpg\" style=\"aspect-ratio: auto 953 \/ 958;\" scale=\"0\" data-width=\"81\" data-height=\"82\" data-init-width=\"953\" data-init-height=\"958\" data-link-wrap=\"true\" loading=\"lazy\"><\/a><\/span><\/p>\n<p style=\"text-align: left;\"><strong>Sara Portela<\/strong><\/p>\n<p><em><span open=\"\" style=\"font-weight: 400; font-family: &quot;Open Sans&quot;;\">Ana, suas dicas e estrat\u00e9gias de roteiro foram essenciais para que a nossa viagem fosse perfeita. Aproveitamos cada segundo. Obrigada pelo carinho e aten\u00e7\u00e3o durante a programa\u00e7\u00e3o da viagem. Voc\u00ea fez parte desse projeto Disney e me ajudou muito a realizar o sonho do meu pequeno! Muito obrigada por tudo!<\/span><\/em><\/p>\n<p><span style=\"width: 100%;\"><a href=\"http:\/\/www.disneyguia.com.br\/web\/wp-content\/uploads\/2020\/08\/021-FERNANDA-ROSELL-2.png\"><img decoding=\"async\" alt=\"\" width=\"75\" height=\"75\" title=\"021 - FERNANDA ROSELL-2\" data-id=\"2161\" src=\"\/\/www.disneyguia.com.br\/web\/wp-content\/uploads\/2020\/08\/021-FERNANDA-ROSELL-2.png\" style=\"aspect-ratio: auto 155 \/ 155;\" scale=\"0\" data-width=\"75\" data-height=\"75\" data-init-width=\"155\" data-init-height=\"155\" data-link-wrap=\"true\" ml-d=\"0\" loading=\"lazy\"><\/a><\/span><\/p>\n<p style=\"text-align: left;\"><strong>Fernanda Rosell<\/strong><\/p>\n<p><span style=\"width: 100%;\"><a href=\"http:\/\/www.disneyguia.com.br\/web\/wp-content\/uploads\/2020\/08\/WALTER-FERNANDES.jpg\"><img decoding=\"async\" alt=\"\" width=\"100\" height=\"100\" title=\"WALTER FERNANDES\" data-id=\"2164\" src=\"\/\/www.disneyguia.com.br\/web\/wp-content\/uploads\/2020\/08\/WALTER-FERNANDES.jpg\" style=\"aspect-ratio: auto 853 \/ 853;\" data-width=\"100\" data-height=\"100\" data-init-width=\"853\" data-init-height=\"853\" scale=\"0\" data-link-wrap=\"true\" loading=\"lazy\"><\/a><\/span><\/p>\n<p style=\"font-size: 13px !important;\"><strong><span style=\"color: rgb(56, 88, 152);\">Walter Junior<\/span><\/strong> Ol\u00e1 pessoal, ontem foi meu dia de Magic Kingdom, \u00e9 m\u00e1gico, emocionante, algo dif\u00edcil de se explicar. S\u00f3 entrando nesse lugar para sentir a energia positiva que te arrepia a cada instante, atrav\u00e9s de arrepios, os olhares de crian\u00e7as, que parecem te enxergar com a mesma idade delas. Quero muito, mas muito mesmo, de cora\u00e7\u00e3o e sem clich\u00eas, agradecer \u00e0 Ana Novais, que sem ela isso n\u00e3o se tornaria m\u00e1gico como foi. Parece que quando cheguei no parque j\u00e1 sabia onde tudo estava, a localiza\u00e7\u00e3o dos brinquedos, o que era cada brinquedo, os santos Fastpass&#8230; O parque estava lotado, mas consegui completar o meu roteiro, assisti aos fogos com aquela sensa\u00e7\u00e3o de dever cumprido.<\/p>\n<p style=\"text-align: left; padding-right: 0px !important; padding-bottom: 0px !important; padding-left: 0px !important; margin-right: 0px !important; margin-bottom: 0px !important; margin-left: 0px !important;\">5<\/p>\n<p style=\"font-size: 12px !important;\"><span style=\"color: rgb(56, 88, 152);\"><span>Like<\/span> <span><span>\u2022 <\/span>&nbsp;<span><span>Reply<\/span> <\/span><span><span>\u2022<\/span><span>&nbsp;<\/span><\/span><\/span><\/span><span style=\"color: rgb(96, 103, 112);\"><span><span><span style=\"font-size: 12px;\">10h<\/span><\/span><\/span><\/span><\/p>\n<p>Meu depoimento \u00e9 mais pra refor\u00e7ar a import\u00e2ncia desse curso e a relev\u00e2ncia que as dicas e experi\u00eancias trocadas tiveram no planejamento da minha viagem! Foi important\u00edssimo para que a minha viagem fosse um sucesso! Minha gratid\u00e3o de cora\u00e7\u00e3o. Obrigada, obrigada, mil vezes obrigada!!<\/p>\n<p>Daniela Pereira<\/p>\n<p><span style=\"\"><a href=\"http:\/\/www.disneyguia.com.br\/web\/wp-content\/uploads\/2020\/08\/DANIELA-DOS-SANTOS-PEREIRA.jpg\"><img decoding=\"async\" alt=\"\" data-id=\"2172\" width=\"77\" data-init-width=\"629\" height=\"77\" data-init-height=\"629\" title=\"DANIELA DOS SANTOS PEREIRA\" src=\"\/\/www.disneyguia.com.br\/web\/wp-content\/uploads\/2020\/08\/DANIELA-DOS-SANTOS-PEREIRA.jpg\" data-width=\"77\" data-height=\"77\" style=\"aspect-ratio: auto 629 \/ 629;\" mt-m=\"0\" scale=\"0\" data-link-wrap=\"true\" loading=\"lazy\"><\/a><span style=\"\"><\/span><\/span><\/p>\n<p style=\"font-size: var(--tve-font-size, 14px);\">Mesmo depois de ter ido mais de 10 vezes a Orlando, resolvi fazer o curso para levar meu filho pequeno, entender a log\u00edstica melhor, e foi perfeito, me ajudou demais em pleno ver\u00e3o de 2017, bem cheio, aproveitamos mais que minhas vezes sozinha, foi perfeito! Voltamos em 2018 e agora em 2019! Fazer o curso com a Ana valeu cada centavo, ali\u00e1s, saiu at\u00e9 barato de tanto resultado que consegui!<\/p>\n<p>Alessandra Shaffer<\/p>\n<p><span style=\"\"><a href=\"http:\/\/www.disneyguia.com.br\/web\/wp-content\/uploads\/2016\/04\/dss837821-344x465.jpg\"><img decoding=\"async\" alt=\"\" data-id=\"473\" width=\"54\" data-init-width=\"344\" height=\"73\" data-init-height=\"465\" title=\"dss837821-344x465\" src=\"\/\/www.disneyguia.com.br\/web\/wp-content\/uploads\/2016\/04\/dss837821-344x465.jpg\" data-width=\"54\" data-height=\"73\" style=\"aspect-ratio: auto 344 \/ 465;\" mt-m=\"0\" scale=\"0\" data-link-wrap=\"true\" mt-d=\"-2\" ml-d=\"0\" loading=\"lazy\"><\/a><span style=\"\"><\/span><\/span><\/p>\n<p style=\"font-size: var(--tve-font-size, 14px);\">Fiz a viagem dos sonhos pra Miami e Orlando com minha fam\u00edlia. A Ana Novais com seu curso e seu suporte foi essencial para o sucesso da nossa viagem que, gra\u00e7as a Deus, foi perfeita, al\u00e9m de tudo que aprendi aqui no grupo com voc\u00eas!! ! Fizemos 11 dias de parques e foi tudo perfeito, gra\u00e7as a Deus e a voc\u00ea!!!! Muito obrigada pelo curso Orlando Passo a Passo!<\/p>\n<p>Fernanda Neil<\/p>\n<p><span style=\"\"><a href=\"http:\/\/www.disneyguia.com.br\/web\/wp-content\/uploads\/2020\/08\/FERNANDA-NEIL.jpg\"><img decoding=\"async\" alt=\"\" data-id=\"2174\" width=\"59\" data-init-width=\"464\" height=\"98\" data-init-height=\"774\" title=\"FERNANDA NEIL\" src=\"\/\/www.disneyguia.com.br\/web\/wp-content\/uploads\/2020\/08\/FERNANDA-NEIL.jpg\" data-width=\"59\" data-height=\"98\" style=\"aspect-ratio: auto 464 \/ 774;\" mt-m=\"0\" scale=\"0\" data-link-wrap=\"true\" mt-d=\"-1\" loading=\"lazy\"><\/a><span style=\"\"><\/span><\/span><\/p>\n<p>ANA NOVAIS<\/p>\n<p style=\"\"><strong><em>criadora do<\/em> M\u00e9todo Orlando Passo a Passo<\/strong><\/p>\n<p>Ana Novais \u00e9 <strong>ex-Cast Member<\/strong> e trabalhou por 2 anos nos parques da Disney. Trabalhou em diversas fun\u00e7\u00f5es, como lojas, atra\u00e7\u00f5es, hot\u00e9is e atendimento ao cliente (Guest Relations).<\/p>\n<\/p>\n<p>Seu \u00faltimo trabalho na Disney foi como <strong>VIP Tour Guide, <\/strong>no departamento <strong>Disney&#8217;s Special Activities<\/strong>, onde era respons\u00e1vel por criar roteiros e acompanhar fam\u00edlias pelos diversos parques, com o objetivo de <strong>maximizar o tempo e evitar o m\u00e1ximo de filas poss\u00edvel<\/strong>.<\/p>\n<\/p>\n<p>Desde que deixou de trabalhar para o Walt Disney World, Ana visita os parques todos os anos, e fez da sua paix\u00e3o o seu trabalho, tendo ajudado <strong>mais de 4 mil clientes&nbsp;<\/strong>a terem a viagem perfeita pra Orlando..Fan\u00e1tica pelo universo Disney e com mais de 15 anos de experi\u00eancia, Ana se tornou refer\u00eancia no mercado compartilhando seus<strong> m\u00e9todos e estrat\u00e9gias para evitar filas <\/strong>nos parques de Orlando.<\/p>\n<p><span style=\"width: 100%;\"><img decoding=\"async\" alt=\"\" width=\"514\" height=\"685\" title=\"ANA (2) 2\" data-id=\"2301\" src=\"\/\/www.disneyguia.com.br\/web\/wp-content\/uploads\/2021\/01\/ANA-2-2.png\" style=\"aspect-ratio: auto 540 \/ 720;\" scale=\"0\" data-width=\"514\" data-height=\"685\" data-init-width=\"540\" data-init-height=\"720\" loading=\"lazy\" data-link-wrap=\"true\" ml-d=\"-50\" mt-d=\"0\" center-h-d=\"false\" ml-m=\"-31\"><\/span><\/p>\n","protected":false},"excerpt":{"rendered":"<p>&nbsp; \ufeff O\ufeff\ufeffRLANDO\ufeff\ufeff\ufeff\ufeff\ufeff\ufeff\ufeff\ufeffPASSOAPASSO&nbsp; &nbsp; &nbsp; &nbsp; &nbsp; &nbsp; &nbsp; &nbsp; &nbsp; &nbsp; &nbsp; &nbsp; &nbsp; &nbsp; &nbsp; &nbsp; &nbsp; &nbsp; &nbsp; &nbsp; &nbsp; &nbsp; &nbsp; &nbsp; &nbsp; &nbsp; &nbsp; &nbsp; &nbsp; &nbsp; &nbsp;&nbsp;Sua Viagem Perfeita pra Orlando| Inscri\u00e7\u00f5es Abertas &nbsp; \ufeff&nbsp;O\ufeff\ufeffRLANDO\ufeff\ufeff\ufeff\ufeff\ufeff\ufeff\ufeff\ufeffPASSOAPASSO &nbsp; Ol\u00e1, sua viagem perfeita pra Orlando come\u00e7a aqui! Enter your text here&#8230; 30 [&hellip;]<\/p>\n","protected":false},"author":1,"featured_media":0,"parent":0,"menu_order":0,"comment_status":"closed","ping_status":"closed","template":"","meta":{"footnotes":""},"class_list":["post-2595","page","type-page","status-publish","hentry"],"yoast_head":"<!-- This site is optimized with the Yoast SEO plugin v26.9 - https:\/\/yoast.com\/product\/yoast-seo-wordpress\/ -->\n<title>2023 \u2013 Orlando Passo a Passo D3 - Disney Guia<\/title>\n<meta name=\"robots\" content=\"index, follow, max-snippet:-1, max-image-preview:large, max-video-preview:-1\" \/>\n<link rel=\"canonical\" href=\"http:\/\/www.disneyguia.com.br\/web\/2023-orlando-passo-a-passo-d3\/\" \/>\n<meta property=\"og:locale\" content=\"pt_BR\" \/>\n<meta property=\"og:type\" content=\"article\" \/>\n<meta property=\"og:title\" content=\"2023 \u2013 Orlando Passo a Passo D3 - Disney Guia\" \/>\n<meta property=\"og:description\" content=\"&nbsp; \ufeff O\ufeff\ufeffRLANDO\ufeff\ufeff\ufeff\ufeff\ufeff\ufeff\ufeff\ufeffPASSOAPASSO&nbsp; &nbsp; &nbsp; &nbsp; &nbsp; &nbsp; &nbsp; &nbsp; &nbsp; &nbsp; &nbsp; &nbsp; &nbsp; &nbsp; &nbsp; &nbsp; &nbsp; &nbsp; &nbsp; &nbsp; &nbsp; &nbsp; &nbsp; &nbsp; &nbsp; &nbsp; &nbsp; &nbsp; &nbsp; &nbsp; &nbsp;&nbsp;Sua Viagem Perfeita pra Orlando| Inscri\u00e7\u00f5es Abertas &nbsp; \ufeff&nbsp;O\ufeff\ufeffRLANDO\ufeff\ufeff\ufeff\ufeff\ufeff\ufeff\ufeff\ufeffPASSOAPASSO &nbsp; Ol\u00e1, sua viagem perfeita pra Orlando come\u00e7a aqui! Enter your text here&#8230; 30 [&hellip;]\" \/>\n<meta property=\"og:url\" content=\"http:\/\/www.disneyguia.com.br\/web\/2023-orlando-passo-a-passo-d3\/\" \/>\n<meta property=\"og:site_name\" content=\"Disney Guia\" \/>\n<meta property=\"article:modified_time\" content=\"2024-05-02T18:38:48+00:00\" \/>\n<meta property=\"og:image\" content=\"http:\/\/www.disneyguia.com.br\/web\/wp-content\/uploads\/2016\/10\/OW-AULA-2-FB-post.jpg\" \/>\n<meta name=\"twitter:card\" content=\"summary_large_image\" \/>\n<meta name=\"twitter:label1\" content=\"Est. tempo de leitura\" \/>\n\t<meta name=\"twitter:data1\" content=\"7 minutos\" \/>\n<script type=\"application\/ld+json\" class=\"yoast-schema-graph\">{\"@context\":\"https:\/\/schema.org\",\"@graph\":[{\"@type\":\"WebPage\",\"@id\":\"http:\/\/www.disneyguia.com.br\/web\/2023-orlando-passo-a-passo-d3\/\",\"url\":\"http:\/\/www.disneyguia.com.br\/web\/2023-orlando-passo-a-passo-d3\/\",\"name\":\"2023 \u2013 Orlando Passo a Passo D3 - Disney Guia\",\"isPartOf\":{\"@id\":\"http:\/\/www.disneyguia.com.br\/web\/#website\"},\"datePublished\":\"2016-10-08T20:24:58+00:00\",\"dateModified\":\"2024-05-02T18:38:48+00:00\",\"breadcrumb\":{\"@id\":\"http:\/\/www.disneyguia.com.br\/web\/2023-orlando-passo-a-passo-d3\/#breadcrumb\"},\"inLanguage\":\"pt-BR\",\"potentialAction\":[{\"@type\":\"ReadAction\",\"target\":[\"http:\/\/www.disneyguia.com.br\/web\/2023-orlando-passo-a-passo-d3\/\"]}]},{\"@type\":\"BreadcrumbList\",\"@id\":\"http:\/\/www.disneyguia.com.br\/web\/2023-orlando-passo-a-passo-d3\/#breadcrumb\",\"itemListElement\":[{\"@type\":\"ListItem\",\"position\":1,\"name\":\"In\u00edcio\",\"item\":\"http:\/\/www.disneyguia.com.br\/web\/\"},{\"@type\":\"ListItem\",\"position\":2,\"name\":\"2023 \u2013 Orlando Passo a Passo D3\"}]},{\"@type\":\"WebSite\",\"@id\":\"http:\/\/www.disneyguia.com.br\/web\/#website\",\"url\":\"http:\/\/www.disneyguia.com.br\/web\/\",\"name\":\"Disney Guia\",\"description\":\"\",\"potentialAction\":[{\"@type\":\"SearchAction\",\"target\":{\"@type\":\"EntryPoint\",\"urlTemplate\":\"http:\/\/www.disneyguia.com.br\/web\/?s={search_term_string}\"},\"query-input\":{\"@type\":\"PropertyValueSpecification\",\"valueRequired\":true,\"valueName\":\"search_term_string\"}}],\"inLanguage\":\"pt-BR\"}]}<\/script>\n<!-- \/ Yoast SEO plugin. -->","yoast_head_json":{"title":"2023 \u2013 Orlando Passo a Passo D3 - Disney Guia","robots":{"index":"index","follow":"follow","max-snippet":"max-snippet:-1","max-image-preview":"max-image-preview:large","max-video-preview":"max-video-preview:-1"},"canonical":"http:\/\/www.disneyguia.com.br\/web\/2023-orlando-passo-a-passo-d3\/","og_locale":"pt_BR","og_type":"article","og_title":"2023 \u2013 Orlando Passo a Passo D3 - Disney Guia","og_description":"&nbsp; \ufeff O\ufeff\ufeffRLANDO\ufeff\ufeff\ufeff\ufeff\ufeff\ufeff\ufeff\ufeffPASSOAPASSO&nbsp; &nbsp; &nbsp; &nbsp; &nbsp; &nbsp; &nbsp; &nbsp; &nbsp; &nbsp; &nbsp; &nbsp; &nbsp; &nbsp; &nbsp; &nbsp; &nbsp; &nbsp; &nbsp; &nbsp; &nbsp; &nbsp; &nbsp; &nbsp; &nbsp; &nbsp; &nbsp; &nbsp; &nbsp; &nbsp; &nbsp;&nbsp;Sua Viagem Perfeita pra Orlando| Inscri\u00e7\u00f5es Abertas &nbsp; \ufeff&nbsp;O\ufeff\ufeffRLANDO\ufeff\ufeff\ufeff\ufeff\ufeff\ufeff\ufeff\ufeffPASSOAPASSO &nbsp; Ol\u00e1, sua viagem perfeita pra Orlando come\u00e7a aqui! Enter your text here&#8230; 30 [&hellip;]","og_url":"http:\/\/www.disneyguia.com.br\/web\/2023-orlando-passo-a-passo-d3\/","og_site_name":"Disney Guia","article_modified_time":"2024-05-02T18:38:48+00:00","og_image":[{"url":"http:\/\/www.disneyguia.com.br\/web\/wp-content\/uploads\/2016\/10\/OW-AULA-2-FB-post.jpg","type":"","width":"","height":""}],"twitter_card":"summary_large_image","twitter_misc":{"Est. tempo de leitura":"7 minutos"},"schema":{"@context":"https:\/\/schema.org","@graph":[{"@type":"WebPage","@id":"http:\/\/www.disneyguia.com.br\/web\/2023-orlando-passo-a-passo-d3\/","url":"http:\/\/www.disneyguia.com.br\/web\/2023-orlando-passo-a-passo-d3\/","name":"2023 \u2013 Orlando Passo a Passo D3 - Disney Guia","isPartOf":{"@id":"http:\/\/www.disneyguia.com.br\/web\/#website"},"datePublished":"2016-10-08T20:24:58+00:00","dateModified":"2024-05-02T18:38:48+00:00","breadcrumb":{"@id":"http:\/\/www.disneyguia.com.br\/web\/2023-orlando-passo-a-passo-d3\/#breadcrumb"},"inLanguage":"pt-BR","potentialAction":[{"@type":"ReadAction","target":["http:\/\/www.disneyguia.com.br\/web\/2023-orlando-passo-a-passo-d3\/"]}]},{"@type":"BreadcrumbList","@id":"http:\/\/www.disneyguia.com.br\/web\/2023-orlando-passo-a-passo-d3\/#breadcrumb","itemListElement":[{"@type":"ListItem","position":1,"name":"In\u00edcio","item":"http:\/\/www.disneyguia.com.br\/web\/"},{"@type":"ListItem","position":2,"name":"2023 \u2013 Orlando Passo a Passo D3"}]},{"@type":"WebSite","@id":"http:\/\/www.disneyguia.com.br\/web\/#website","url":"http:\/\/www.disneyguia.com.br\/web\/","name":"Disney Guia","description":"","potentialAction":[{"@type":"SearchAction","target":{"@type":"EntryPoint","urlTemplate":"http:\/\/www.disneyguia.com.br\/web\/?s={search_term_string}"},"query-input":{"@type":"PropertyValueSpecification","valueRequired":true,"valueName":"search_term_string"}}],"inLanguage":"pt-BR"}]}},"jetpack_sharing_enabled":true,"_links":{"self":[{"href":"https:\/\/www.disneyguia.com.br\/web\/wp-json\/wp\/v2\/pages\/2595","targetHints":{"allow":["GET"]}}],"collection":[{"href":"https:\/\/www.disneyguia.com.br\/web\/wp-json\/wp\/v2\/pages"}],"about":[{"href":"https:\/\/www.disneyguia.com.br\/web\/wp-json\/wp\/v2\/types\/page"}],"author":[{"embeddable":true,"href":"https:\/\/www.disneyguia.com.br\/web\/wp-json\/wp\/v2\/users\/1"}],"replies":[{"embeddable":true,"href":"https:\/\/www.disneyguia.com.br\/web\/wp-json\/wp\/v2\/comments?post=2595"}],"version-history":[{"count":28,"href":"https:\/\/www.disneyguia.com.br\/web\/wp-json\/wp\/v2\/pages\/2595\/revisions"}],"predecessor-version":[{"id":3559,"href":"https:\/\/www.disneyguia.com.br\/web\/wp-json\/wp\/v2\/pages\/2595\/revisions\/3559"}],"wp:attachment":[{"href":"https:\/\/www.disneyguia.com.br\/web\/wp-json\/wp\/v2\/media?parent=2595"}],"curies":[{"name":"wp","href":"https:\/\/api.w.org\/{rel}","templated":true}]}}