{"id":3311,"date":"2015-09-17T23:27:19","date_gmt":"2015-09-18T02:27:19","guid":{"rendered":"http:\/\/www.disneyguia.com.br\/site\/?page_id=3311"},"modified":"2017-11-30T10:36:20","modified_gmt":"2017-11-30T12:36:20","slug":"termos-e-condicoes-compra-de-ingressos-no-disney-guia","status":"publish","type":"page","link":"https:\/\/www.disneyguia.com.br\/site\/termos-e-condicoes-compra-de-ingressos-no-disney-guia\/","title":{"rendered":"Termos e condi\u00e7\u00f5es &#8211; compra de ingressos no Disney Guia"},"content":{"rendered":"<h4 style=\"text-align: justify;\"><span style=\"color: #000080;\"><strong>PAGAMENTO POR BOLETO BANC\u00c1RIO:<\/strong><\/span><\/h4>\n<p style=\"text-align: justify;\">&#8211; Ap\u00f3s o envio do pedido, <strong>voc\u00ea receber\u00e1 um email em at\u00e9 48 horas<\/strong>, confirmando o seu pedido, a forma de pagamento e solicitando alguns\u00a0dados adicionais.<\/p>\n<p style=\"text-align: justify;\">&#8211; Ap\u00f3s o envio das informa\u00e7\u00f5es, a reserva dos ingressos ser\u00e1 feita e daremos sequencia ao pagamento, de acordo com a op\u00e7\u00e3o desejada (cart\u00e3o de cr\u00e9dito, boleto banc\u00e1rio ou retirada em Orlando).<\/p>\n<p style=\"text-align: justify;\">&#8211; No caso do pagamento por boleto, o<strong>\u00a0valor dos ingressos \u00e9 cotado em d\u00f3lar, mas o boleto \u00e9 emitido em reais,<\/strong> de acordo com a cota\u00e7\u00e3o do d\u00f3lar turismo do momento da emiss\u00e3o + impostos.<\/p>\n<p style=\"text-align: justify;\">&#8211; <strong>Ap\u00f3s a emiss\u00e3o do boleto, voc\u00ea tem 24h para realizar o pagamento do mesmo e garantir aquele valor em reais.<\/strong> Caso seja necess\u00e1rio re-emitir o boleto, o valor dos ingressos em d\u00f3lar continuar\u00e1 o mesmo, mas o valor em reais estar\u00e1 sujeito \u00e0 varia\u00e7\u00e3o cambial.<\/p>\n<p style=\"text-align: justify;\">&#8211; <strong>Todos os ingressos s\u00e3o pessoais, intransfer\u00edveis e n\u00e3o-reembols\u00e1veis<\/strong>, ou seja, n\u00e3o \u00e9 poss\u00edvel cancelar nenhum ingresso ap\u00f3s a sua emiss\u00e3o.<\/p>\n<p style=\"text-align: justify;\">&#8211; <strong>Todos os ingressos s\u00e3o enviados por email em at\u00e9 2 dias \u00fateis<\/strong> ap\u00f3s a compensa\u00e7\u00e3o do pagamento.<\/p>\n<p style=\"text-align: justify;\">&#8211; No caso da Disney, \u00e9 enviado o <strong>voucher oficial da Disney <span style=\"color: #000080;\">com o c\u00f3digo de reserva para agendamento de Fastpass<\/span><\/strong>. Esse voucher pode ser trocado pelos ingressos f\u00edsicos na bilheteria de qualquer parque da Disney ou no Guest Relations de Disney Springs.<\/p>\n<p style=\"text-align: justify;\">&#8211; Os outros ingressos s\u00e3o entregues em <strong>formato e-ticket &#8211; voc\u00ea s\u00f3 precisa imprimir e entrar direto no parque.<\/strong><\/p>\n<h4 style=\"text-align: justify;\"><span style=\"color: #000080;\"><strong>PAGAMENTO POR CART\u00c3O DE CR\u00c9DITO:<\/strong><\/span><\/h4>\n<p style=\"text-align: justify;\">&#8211; Para fazer a compra dos ingressos por cart\u00e3o de cr\u00e9dito, voc\u00ea deve entrar no site:\u00a0<a href=\"https:\/\/ananovais.minhaviagem.com.br\/\" target=\"_blank\" rel=\"noopener\">https:\/\/ananovais.minhaviagem.com.br\/<\/a><\/p>\n<p style=\"text-align: justify;\">&#8211; Os ingressos podem ser <strong>parcelados em at\u00e9 10x se juros no cart\u00e3o de cr\u00e9dito.<\/strong> A cobran\u00e7a \u00e9 feita em reais e <strong>n\u00e3o h\u00e1 incidencia de IOF.<\/strong><\/p>\n<p style=\"text-align: justify;\">&#8211; Os pre\u00e7os mostrados s\u00e3o o <strong>pre\u00e7o final em reais<\/strong> que voc\u00ea vai pagar, j\u00e1 incluindo todos os impostos.<\/p>\n<p style=\"text-align: justify;\">&#8211; Data da viagem: na hora de escolher os ingressos, \u00e9 necess\u00e1rio colocar a data da sua viagem. Pode ser a <strong>data da sua chegada em Orlando<\/strong> &#8211; n\u00e3o precisa ser a data que voc\u00ea vai ao parque. <span style=\"color: #ff0000;\"><strong>Exce\u00e7\u00f5es:<\/strong> <\/span><strong>os \u00fanicos parques que voc\u00ea precisa colocar a data EXATA da visita ao parque s\u00e3o o <span style=\"text-decoration: underline;\">Discovery Cove<\/span> e o <span style=\"text-decoration: underline;\">Kennedy Space Center<\/span><\/strong><\/p>\n<p style=\"text-align: justify;\">&#8211; No caso da Universal Studios, existe a op\u00e7\u00e3o do ingresso <strong>&#8220;Voucher Promocional&#8221;<\/strong>, que \u00e9 um pouco mais barato e voc\u00ea recebe um voucher da Universal que deve ser trocado na entrada do parque. Se voc\u00ea quiser o ingresso no formato e-ticket, N\u00c3O ESCOLHA a op\u00e7\u00e3o que diz &#8220;voucher promocional&#8221;.<\/p>\n<p style=\"text-align: justify;\">&#8211; No caso da Disney, \u00e9 enviado o <strong>voucher oficial da Disney <span style=\"color: #000080;\">com o c\u00f3digo de reserva para agendamento de Fastpass<\/span><\/strong>. Esse voucher pode ser trocado pelos ingressos f\u00edsicos na bilheteria de qualquer parque da Disney ou no Guest Relations de Disney Springs.<\/p>\n<p style=\"text-align: justify;\">&#8211; No pagamento por cart\u00e3o de cr\u00e9dito, <strong>voc\u00ea pode escolher receber os ingressos f\u00edsicos em casa se preferir<\/strong>, mediante o pagamento de uma taxa adicional e do valor de entrega por Sedex.<\/p>\n<p style=\"text-align: justify;\"><strong>&#8211; Os ingressos s\u00e3o enviados por email em at\u00e9 7 dias \u00fateis ap\u00f3s o pagamento.<\/strong> Caso tenha escolhido a op\u00e7\u00e3o de ingressos f\u00edsicos, os mesmos ser\u00e3o postados em at\u00e9 7 dias \u00fateis ap\u00f3s o pagamento.<\/p>\n<p style=\"text-align: justify;\">&#8211; <strong>Todos os ingressos s\u00e3o pessoais, intransfer\u00edveis e n\u00e3o-reembols\u00e1veis<\/strong>, ou seja, n\u00e3o \u00e9 poss\u00edvel cancelar nenhum ingresso ap\u00f3s a sua emiss\u00e3o.<\/p>\n<h3 style=\"text-align: justify;\"><strong>Para comprar\u00a0ingressos com cart\u00e3o de cr\u00e9dito, <a href=\"https:\/\/ananovais.minhaviagem.com.br\/\" target=\"_blank\" rel=\"noopener\"><span style=\"text-decoration: underline;\">clique aqui.<\/span><\/a><\/strong><\/h3>\n<h3 style=\"text-align: justify;\"><strong>Para comprar ingressos por boleto banc\u00e1rio<\/strong><strong>, <span style=\"text-decoration: underline;\"><a href=\"http:\/\/www.disneyguia.com.br\/site\/ingressos-orlando\/\">clique aqui.<\/a><\/span><\/strong><\/h3>\n<h4>Se voc\u00ea tiver alguma d\u00favida relacionada aos ingressos, envie um email para <span style=\"color: #000080;\"><strong>contato@disneyguia.com.br<\/strong><\/span><\/h4>\n","protected":false},"excerpt":{"rendered":"<p>PAGAMENTO POR BOLETO BANC\u00c1RIO: &#8211; Ap\u00f3s o envio do pedido, voc\u00ea receber\u00e1 um email em at\u00e9 48 horas, confirmando o seu pedido, a forma de pagamento e solicitando alguns\u00a0dados adicionais. &#8211; Ap\u00f3s o envio das informa\u00e7\u00f5es, a reserva dos ingressos ser\u00e1 feita e daremos sequencia ao pagamento, de acordo com a op\u00e7\u00e3o desejada (cart\u00e3o de [&hellip;]<\/p>\n","protected":false},"author":3,"featured_media":0,"parent":0,"menu_order":0,"comment_status":"closed","ping_status":"closed","template":"","meta":{"footnotes":""},"class_list":["post-3311","page","type-page","status-publish","hentry"],"yoast_head":"<!-- This site is optimized with the Yoast SEO Premium plugin v20.5 (Yoast SEO v26.9) - https:\/\/yoast.com\/product\/yoast-seo-premium-wordpress\/ -->\n<title>Termos e condi\u00e7\u00f5es - compra de ingressos no Disney Guia | Disney Guia<\/title>\n<meta name=\"robots\" content=\"index, follow, max-snippet:-1, max-image-preview:large, max-video-preview:-1\" \/>\n<link rel=\"canonical\" href=\"https:\/\/www.disneyguia.com.br\/site\/termos-e-condicoes-compra-de-ingressos-no-disney-guia\/\" \/>\n<meta property=\"og:locale\" content=\"en_US\" \/>\n<meta property=\"og:type\" content=\"article\" \/>\n<meta property=\"og:title\" content=\"Termos e condi\u00e7\u00f5es - compra de ingressos no Disney Guia\" \/>\n<meta property=\"og:description\" content=\"PAGAMENTO POR BOLETO BANC\u00c1RIO: &#8211; Ap\u00f3s o envio do pedido, voc\u00ea receber\u00e1 um email em at\u00e9 48 horas, confirmando o seu pedido, a forma de pagamento e solicitando alguns\u00a0dados adicionais. &#8211; Ap\u00f3s o envio das informa\u00e7\u00f5es, a reserva dos ingressos ser\u00e1 feita e daremos sequencia ao pagamento, de acordo com a op\u00e7\u00e3o desejada (cart\u00e3o de [&hellip;]\" \/>\n<meta property=\"og:url\" content=\"https:\/\/www.disneyguia.com.br\/site\/termos-e-condicoes-compra-de-ingressos-no-disney-guia\/\" \/>\n<meta property=\"og:site_name\" content=\"Disney Guia\" \/>\n<meta property=\"article:publisher\" content=\"https:\/\/www.facebook.com\/ananovais\" \/>\n<meta property=\"article:modified_time\" content=\"2017-11-30T12:36:20+00:00\" \/>\n<meta name=\"twitter:label1\" content=\"Est. reading time\" \/>\n\t<meta name=\"twitter:data1\" content=\"3 minutes\" \/>\n<script type=\"application\/ld+json\" class=\"yoast-schema-graph\">{\"@context\":\"https:\/\/schema.org\",\"@graph\":[{\"@type\":\"WebPage\",\"@id\":\"https:\/\/www.disneyguia.com.br\/site\/termos-e-condicoes-compra-de-ingressos-no-disney-guia\/\",\"url\":\"https:\/\/www.disneyguia.com.br\/site\/termos-e-condicoes-compra-de-ingressos-no-disney-guia\/\",\"name\":\"Termos e condi\u00e7\u00f5es - compra de ingressos no Disney Guia | Disney Guia\",\"isPartOf\":{\"@id\":\"https:\/\/www.disneyguia.com.br\/site\/#website\"},\"datePublished\":\"2015-09-18T02:27:19+00:00\",\"dateModified\":\"2017-11-30T12:36:20+00:00\",\"breadcrumb\":{\"@id\":\"https:\/\/www.disneyguia.com.br\/site\/termos-e-condicoes-compra-de-ingressos-no-disney-guia\/#breadcrumb\"},\"inLanguage\":\"en-US\",\"potentialAction\":[{\"@type\":\"ReadAction\",\"target\":[\"https:\/\/www.disneyguia.com.br\/site\/termos-e-condicoes-compra-de-ingressos-no-disney-guia\/\"]}]},{\"@type\":\"BreadcrumbList\",\"@id\":\"https:\/\/www.disneyguia.com.br\/site\/termos-e-condicoes-compra-de-ingressos-no-disney-guia\/#breadcrumb\",\"itemListElement\":[{\"@type\":\"ListItem\",\"position\":1,\"name\":\"In\u00edcio\",\"item\":\"https:\/\/www.disneyguia.com.br\/site\/\"},{\"@type\":\"ListItem\",\"position\":2,\"name\":\"Termos e condi\u00e7\u00f5es &#8211; compra de ingressos no Disney Guia\"}]},{\"@type\":\"WebSite\",\"@id\":\"https:\/\/www.disneyguia.com.br\/site\/#website\",\"url\":\"https:\/\/www.disneyguia.com.br\/site\/\",\"name\":\"Disney Guia\",\"description\":\"Dicas e Roteiros pra Disney e Orlando\",\"potentialAction\":[{\"@type\":\"SearchAction\",\"target\":{\"@type\":\"EntryPoint\",\"urlTemplate\":\"https:\/\/www.disneyguia.com.br\/site\/?s={search_term_string}\"},\"query-input\":{\"@type\":\"PropertyValueSpecification\",\"valueRequired\":true,\"valueName\":\"search_term_string\"}}],\"inLanguage\":\"en-US\"}]}<\/script>\n<!-- \/ Yoast SEO Premium plugin. -->","yoast_head_json":{"title":"Termos e condi\u00e7\u00f5es - compra de ingressos no Disney Guia | Disney Guia","robots":{"index":"index","follow":"follow","max-snippet":"max-snippet:-1","max-image-preview":"max-image-preview:large","max-video-preview":"max-video-preview:-1"},"canonical":"https:\/\/www.disneyguia.com.br\/site\/termos-e-condicoes-compra-de-ingressos-no-disney-guia\/","og_locale":"en_US","og_type":"article","og_title":"Termos e condi\u00e7\u00f5es - compra de ingressos no Disney Guia","og_description":"PAGAMENTO POR BOLETO BANC\u00c1RIO: &#8211; Ap\u00f3s o envio do pedido, voc\u00ea receber\u00e1 um email em at\u00e9 48 horas, confirmando o seu pedido, a forma de pagamento e solicitando alguns\u00a0dados adicionais. &#8211; Ap\u00f3s o envio das informa\u00e7\u00f5es, a reserva dos ingressos ser\u00e1 feita e daremos sequencia ao pagamento, de acordo com a op\u00e7\u00e3o desejada (cart\u00e3o de [&hellip;]","og_url":"https:\/\/www.disneyguia.com.br\/site\/termos-e-condicoes-compra-de-ingressos-no-disney-guia\/","og_site_name":"Disney Guia","article_publisher":"https:\/\/www.facebook.com\/ananovais","article_modified_time":"2017-11-30T12:36:20+00:00","twitter_misc":{"Est. reading time":"3 minutes"},"schema":{"@context":"https:\/\/schema.org","@graph":[{"@type":"WebPage","@id":"https:\/\/www.disneyguia.com.br\/site\/termos-e-condicoes-compra-de-ingressos-no-disney-guia\/","url":"https:\/\/www.disneyguia.com.br\/site\/termos-e-condicoes-compra-de-ingressos-no-disney-guia\/","name":"Termos e condi\u00e7\u00f5es - compra de ingressos no Disney Guia | Disney Guia","isPartOf":{"@id":"https:\/\/www.disneyguia.com.br\/site\/#website"},"datePublished":"2015-09-18T02:27:19+00:00","dateModified":"2017-11-30T12:36:20+00:00","breadcrumb":{"@id":"https:\/\/www.disneyguia.com.br\/site\/termos-e-condicoes-compra-de-ingressos-no-disney-guia\/#breadcrumb"},"inLanguage":"en-US","potentialAction":[{"@type":"ReadAction","target":["https:\/\/www.disneyguia.com.br\/site\/termos-e-condicoes-compra-de-ingressos-no-disney-guia\/"]}]},{"@type":"BreadcrumbList","@id":"https:\/\/www.disneyguia.com.br\/site\/termos-e-condicoes-compra-de-ingressos-no-disney-guia\/#breadcrumb","itemListElement":[{"@type":"ListItem","position":1,"name":"In\u00edcio","item":"https:\/\/www.disneyguia.com.br\/site\/"},{"@type":"ListItem","position":2,"name":"Termos e condi\u00e7\u00f5es &#8211; compra de ingressos no Disney Guia"}]},{"@type":"WebSite","@id":"https:\/\/www.disneyguia.com.br\/site\/#website","url":"https:\/\/www.disneyguia.com.br\/site\/","name":"Disney Guia","description":"Dicas e Roteiros pra Disney e Orlando","potentialAction":[{"@type":"SearchAction","target":{"@type":"EntryPoint","urlTemplate":"https:\/\/www.disneyguia.com.br\/site\/?s={search_term_string}"},"query-input":{"@type":"PropertyValueSpecification","valueRequired":true,"valueName":"search_term_string"}}],"inLanguage":"en-US"}]}},"jetpack_sharing_enabled":true,"jetpack_likes_enabled":false,"_links":{"self":[{"href":"https:\/\/www.disneyguia.com.br\/site\/wp-json\/wp\/v2\/pages\/3311","targetHints":{"allow":["GET"]}}],"collection":[{"href":"https:\/\/www.disneyguia.com.br\/site\/wp-json\/wp\/v2\/pages"}],"about":[{"href":"https:\/\/www.disneyguia.com.br\/site\/wp-json\/wp\/v2\/types\/page"}],"author":[{"embeddable":true,"href":"https:\/\/www.disneyguia.com.br\/site\/wp-json\/wp\/v2\/users\/3"}],"replies":[{"embeddable":true,"href":"https:\/\/www.disneyguia.com.br\/site\/wp-json\/wp\/v2\/comments?post=3311"}],"version-history":[{"count":0,"href":"https:\/\/www.disneyguia.com.br\/site\/wp-json\/wp\/v2\/pages\/3311\/revisions"}],"wp:attachment":[{"href":"https:\/\/www.disneyguia.com.br\/site\/wp-json\/wp\/v2\/media?parent=3311"}],"curies":[{"name":"wp","href":"https:\/\/api.w.org\/{rel}","templated":true}]}}