{"id":2788,"date":"2015-06-26T23:35:41","date_gmt":"2015-06-27T02:35:41","guid":{"rendered":"http:\/\/www.disneyguia.com.br\/site\/?page_id=2788"},"modified":"2017-02-15T16:47:25","modified_gmt":"2017-02-15T18:47:25","slug":"ingressos-parques-disney","status":"publish","type":"page","link":"https:\/\/www.disneyguia.com.br\/site\/ingressos-parques-disney\/","title":{"rendered":"Ingressos Parques"},"content":{"rendered":"<p style=\"text-align: justify;\">Ol\u00e1 pessoal! Tenho uma \u00f3tima not\u00edcia pra voc\u00eas! Fiz uma parceria com uma operadora de\u00a0Orlando para poder vender ingressos, j\u00e1 que esse era um pedido que muita gente me fazia. Se voc\u00ea quiser ver um comparativo sobre onde \u00e9 mais barato comprar os ingressos e v\u00e1rias dicas sobre ingressos, d\u00ea uma olhada <span style=\"text-decoration: underline;\"><strong><a href=\"http:\/\/www.disneyguia.com.br\/site\/comprar-ingressos-disney\/\" target=\"_blank\">nesse post<\/a><\/strong><\/span>.<\/p>\n<h3 style=\"text-align: justify;\"><a href=\"http:\/\/www.disneyguia.com.br\/site\/ingressos-orlando\/\"><strong>PARA VER OS VALORES E FAZER O SEU PEDIDO DE INGRESSOS, <span style=\"text-decoration: underline;\">CLIQUE AQUI<\/span><\/strong><\/a><\/h3>\n<p style=\"text-align: justify;\"><strong>-&gt;<\/strong> Os pagamentos s\u00e3o feitos em reais, por boleto banc\u00e1rio. Em at\u00e9 2\u00a0dias \u00fateis ap\u00f3s o pagamento, voc\u00ea vai receber os vouchers dos ingressos por email.<\/p>\n<p style=\"text-align: justify;\"><strong>-&gt;<\/strong> Com o Voucher da Disney voc\u00ea j\u00e1 pode agendar os seus <a title=\"Como funciona o Fast Pass+ da Disney?\" href=\"http:\/\/www.disneyguia.com.br\/site\/como-funciona-o-fast-pass-da-disney\/\" target=\"_blank\"><span style=\"text-decoration: underline;\"><strong>Fastpass<\/strong><\/span><\/a>.<\/p>\n<p style=\"text-align: justify;\"><strong>-&gt;<\/strong> Os vouchers da Universal, Sea World, Busch Gardens e Legoland n\u00e3o precisam ser trocados na bilheteria &#8211; eles j\u00e1 s\u00e3o o seu ingresso, \u00e9 s\u00f3 entrar direto.<\/p>\n<p style=\"text-align: justify;\"><strong>-&gt;<\/strong> Os vouchers da Disney podem ser trocados na bilheteria de qualquer parque ou no <a title=\"Resolvendo Qualquer Problema na Disney \u2013 O Guest Relations\" href=\"http:\/\/www.disneyguia.com.br\/site\/resolvendo-qualquer-problema-na-disney-o-guest-relations\/\" target=\"_blank\"><span style=\"text-decoration: underline;\"><strong>Guest Relations<\/strong><\/span><\/a> de Disney Springs (recomendo rertirar l\u00e1 um dia antes de ir pro parque)<\/p>\n<h4 style=\"text-align: justify;\"><\/h4>\n<h4><span style=\"color: #ff0000;\"><strong>Depoimentos de quem j\u00e1 comprou:<\/strong><\/span><\/h4>\n<blockquote><p>&#8220;Est\u00e1vamos sem tempo para planejamentos e quando vi o site da Ana foi mam\u00e3o com a\u00e7\u00facar e tinha que confiar! Deixei para comprar de ultima hora e a Ana foi muito atenciosa e prestativa. Nos encaminhou os voucher antes do prazo. Nos ajudou e nos orientou em rela\u00e7\u00e3o aos passeios, tirou todas as d\u00favidas. Chegando nos parques, deu tudo certo, foi bem tranquilho, n\u00e3o tivemos NENHUM contratempo em rela\u00e7\u00e3o aos ingressos.<\/p>\n<p>A Ana \u00e9 uma pessoa muito atenciosa e n\u00e3o \u00e9 uma pessoa somente interessada em vender. DURANTE a viagem nos auxiliou com outras quest\u00f5es.<\/p>\n<p>Muito obrigada Ana e boa sorte! &#8221; &#8211; <em><strong>C\u00e1tia Leite<\/strong>, viajou em Setembro de 2015<\/em><\/p><\/blockquote>\n<p><strong>E a\u00ed, t\u00e1 esperando o que? Envie agora\u00a0o seu pedido de ingressos!<\/strong><\/p>\n<p><strong>Se voc\u00ea tiver d\u00favidas relacionadas aos ingressos, escreva para <span style=\"color: #000080;\">ingressos@disneyguia.com.br<\/span><\/strong><\/p>\n<p style=\"text-align: justify;\">\u00a0<strong>*<\/strong>Ingressos para as <strong>festas de Natal e Halloween da Disney<\/strong> s\u00e3o vendidos apenas no <span style=\"text-decoration: underline;\"><a href=\"https:\/\/disneyworld.disney.go.com\/tickets\/events\/\" target=\"_blank\">site oficial<\/a><\/span>.<\/p>\n","protected":false},"excerpt":{"rendered":"<p>Ol\u00e1 pessoal! Tenho uma \u00f3tima not\u00edcia pra voc\u00eas! Fiz uma parceria com uma operadora de\u00a0Orlando para poder vender ingressos, j\u00e1 que esse era um pedido que muita gente me fazia. Se voc\u00ea quiser ver um comparativo sobre onde \u00e9 mais barato comprar os ingressos e v\u00e1rias dicas sobre ingressos, d\u00ea uma olhada nesse post. PARA [&hellip;]<\/p>\n","protected":false},"author":3,"featured_media":0,"parent":0,"menu_order":0,"comment_status":"open","ping_status":"open","template":"","meta":{"footnotes":""},"class_list":["post-2788","page","type-page","status-publish","hentry"],"yoast_head":"<!-- This site is optimized with the Yoast SEO Premium plugin v20.5 (Yoast SEO v26.9) - https:\/\/yoast.com\/product\/yoast-seo-premium-wordpress\/ -->\n<title>Ingressos Parques | Disney Guia<\/title>\n<meta name=\"description\" content=\"comprar ingressos da disney, valores ingressos parques disney, ingressos disney, ingressos orlando, ingressos universal, ingressos sea world, pre\u00e7o disney\" \/>\n<meta name=\"robots\" content=\"index, follow, max-snippet:-1, max-image-preview:large, max-video-preview:-1\" \/>\n<link rel=\"canonical\" href=\"https:\/\/www.disneyguia.com.br\/site\/ingressos-parques-disney\/\" \/>\n<meta property=\"og:locale\" content=\"en_US\" \/>\n<meta property=\"og:type\" content=\"article\" \/>\n<meta property=\"og:title\" content=\"Ingressos Parques\" \/>\n<meta property=\"og:description\" content=\"comprar ingressos da disney, valores ingressos parques disney, ingressos disney, ingressos orlando, ingressos universal, ingressos sea world, pre\u00e7o disney\" \/>\n<meta property=\"og:url\" content=\"https:\/\/www.disneyguia.com.br\/site\/ingressos-parques-disney\/\" \/>\n<meta property=\"og:site_name\" content=\"Disney Guia\" \/>\n<meta property=\"article:publisher\" content=\"https:\/\/www.facebook.com\/ananovais\" \/>\n<meta property=\"article:modified_time\" content=\"2017-02-15T18:47:25+00:00\" \/>\n<meta name=\"twitter:label1\" content=\"Est. reading time\" \/>\n\t<meta name=\"twitter:data1\" content=\"2 minutes\" \/>\n<script type=\"application\/ld+json\" class=\"yoast-schema-graph\">{\"@context\":\"https:\/\/schema.org\",\"@graph\":[{\"@type\":\"WebPage\",\"@id\":\"https:\/\/www.disneyguia.com.br\/site\/ingressos-parques-disney\/\",\"url\":\"https:\/\/www.disneyguia.com.br\/site\/ingressos-parques-disney\/\",\"name\":\"Ingressos Parques | Disney Guia\",\"isPartOf\":{\"@id\":\"https:\/\/www.disneyguia.com.br\/site\/#website\"},\"datePublished\":\"2015-06-27T02:35:41+00:00\",\"dateModified\":\"2017-02-15T18:47:25+00:00\",\"description\":\"comprar ingressos da disney, valores ingressos parques disney, ingressos disney, ingressos orlando, ingressos universal, ingressos sea world, pre\u00e7o disney\",\"breadcrumb\":{\"@id\":\"https:\/\/www.disneyguia.com.br\/site\/ingressos-parques-disney\/#breadcrumb\"},\"inLanguage\":\"en-US\",\"potentialAction\":[{\"@type\":\"ReadAction\",\"target\":[\"https:\/\/www.disneyguia.com.br\/site\/ingressos-parques-disney\/\"]}]},{\"@type\":\"BreadcrumbList\",\"@id\":\"https:\/\/www.disneyguia.com.br\/site\/ingressos-parques-disney\/#breadcrumb\",\"itemListElement\":[{\"@type\":\"ListItem\",\"position\":1,\"name\":\"In\u00edcio\",\"item\":\"https:\/\/www.disneyguia.com.br\/site\/\"},{\"@type\":\"ListItem\",\"position\":2,\"name\":\"Ingressos Parques\"}]},{\"@type\":\"WebSite\",\"@id\":\"https:\/\/www.disneyguia.com.br\/site\/#website\",\"url\":\"https:\/\/www.disneyguia.com.br\/site\/\",\"name\":\"Disney Guia\",\"description\":\"Dicas e Roteiros pra Disney e Orlando\",\"potentialAction\":[{\"@type\":\"SearchAction\",\"target\":{\"@type\":\"EntryPoint\",\"urlTemplate\":\"https:\/\/www.disneyguia.com.br\/site\/?s={search_term_string}\"},\"query-input\":{\"@type\":\"PropertyValueSpecification\",\"valueRequired\":true,\"valueName\":\"search_term_string\"}}],\"inLanguage\":\"en-US\"}]}<\/script>\n<!-- \/ Yoast SEO Premium plugin. -->","yoast_head_json":{"title":"Ingressos Parques | Disney Guia","description":"comprar ingressos da disney, valores ingressos parques disney, ingressos disney, ingressos orlando, ingressos universal, ingressos sea world, pre\u00e7o disney","robots":{"index":"index","follow":"follow","max-snippet":"max-snippet:-1","max-image-preview":"max-image-preview:large","max-video-preview":"max-video-preview:-1"},"canonical":"https:\/\/www.disneyguia.com.br\/site\/ingressos-parques-disney\/","og_locale":"en_US","og_type":"article","og_title":"Ingressos Parques","og_description":"comprar ingressos da disney, valores ingressos parques disney, ingressos disney, ingressos orlando, ingressos universal, ingressos sea world, pre\u00e7o disney","og_url":"https:\/\/www.disneyguia.com.br\/site\/ingressos-parques-disney\/","og_site_name":"Disney Guia","article_publisher":"https:\/\/www.facebook.com\/ananovais","article_modified_time":"2017-02-15T18:47:25+00:00","twitter_misc":{"Est. reading time":"2 minutes"},"schema":{"@context":"https:\/\/schema.org","@graph":[{"@type":"WebPage","@id":"https:\/\/www.disneyguia.com.br\/site\/ingressos-parques-disney\/","url":"https:\/\/www.disneyguia.com.br\/site\/ingressos-parques-disney\/","name":"Ingressos Parques | Disney Guia","isPartOf":{"@id":"https:\/\/www.disneyguia.com.br\/site\/#website"},"datePublished":"2015-06-27T02:35:41+00:00","dateModified":"2017-02-15T18:47:25+00:00","description":"comprar ingressos da disney, valores ingressos parques disney, ingressos disney, ingressos orlando, ingressos universal, ingressos sea world, pre\u00e7o disney","breadcrumb":{"@id":"https:\/\/www.disneyguia.com.br\/site\/ingressos-parques-disney\/#breadcrumb"},"inLanguage":"en-US","potentialAction":[{"@type":"ReadAction","target":["https:\/\/www.disneyguia.com.br\/site\/ingressos-parques-disney\/"]}]},{"@type":"BreadcrumbList","@id":"https:\/\/www.disneyguia.com.br\/site\/ingressos-parques-disney\/#breadcrumb","itemListElement":[{"@type":"ListItem","position":1,"name":"In\u00edcio","item":"https:\/\/www.disneyguia.com.br\/site\/"},{"@type":"ListItem","position":2,"name":"Ingressos Parques"}]},{"@type":"WebSite","@id":"https:\/\/www.disneyguia.com.br\/site\/#website","url":"https:\/\/www.disneyguia.com.br\/site\/","name":"Disney Guia","description":"Dicas e Roteiros pra Disney e Orlando","potentialAction":[{"@type":"SearchAction","target":{"@type":"EntryPoint","urlTemplate":"https:\/\/www.disneyguia.com.br\/site\/?s={search_term_string}"},"query-input":{"@type":"PropertyValueSpecification","valueRequired":true,"valueName":"search_term_string"}}],"inLanguage":"en-US"}]}},"jetpack_sharing_enabled":true,"jetpack_likes_enabled":false,"_links":{"self":[{"href":"https:\/\/www.disneyguia.com.br\/site\/wp-json\/wp\/v2\/pages\/2788","targetHints":{"allow":["GET"]}}],"collection":[{"href":"https:\/\/www.disneyguia.com.br\/site\/wp-json\/wp\/v2\/pages"}],"about":[{"href":"https:\/\/www.disneyguia.com.br\/site\/wp-json\/wp\/v2\/types\/page"}],"author":[{"embeddable":true,"href":"https:\/\/www.disneyguia.com.br\/site\/wp-json\/wp\/v2\/users\/3"}],"replies":[{"embeddable":true,"href":"https:\/\/www.disneyguia.com.br\/site\/wp-json\/wp\/v2\/comments?post=2788"}],"version-history":[{"count":0,"href":"https:\/\/www.disneyguia.com.br\/site\/wp-json\/wp\/v2\/pages\/2788\/revisions"}],"wp:attachment":[{"href":"https:\/\/www.disneyguia.com.br\/site\/wp-json\/wp\/v2\/media?parent=2788"}],"curies":[{"name":"wp","href":"https:\/\/api.w.org\/{rel}","templated":true}]}}