{"id":1355,"date":"2018-03-07T15:17:26","date_gmt":"2018-03-07T18:17:26","guid":{"rendered":"http:\/\/www.disneyguia.com.br\/site\/?page_id=1355"},"modified":"2022-12-06T20:37:09","modified_gmt":"2022-12-06T23:37:09","slug":"guia-de-orlando","status":"publish","type":"page","link":"https:\/\/www.disneyguia.com.br\/site\/guia-de-orlando\/","title":{"rendered":"Livro Digital &#8211; Guia de Orlando"},"content":{"rendered":"<h4 style=\"text-align: justify;\">\u00a0<a href=\"http:\/\/www.disneyguia.com.br\/web\/guia-de-orlando\/\"><img data-recalc-dims=\"1\" loading=\"lazy\" decoding=\"async\" class=\"alignnone size-full wp-image-6324\" src=\"https:\/\/i0.wp.com\/c3.disneyguia.com.br\/site\/wp-content\/uploads\/2018\/03\/08122135\/A-sua-viagem-perfeita.jpg?resize=696%2C249&#038;ssl=1\" alt=\"\" width=\"696\" height=\"249\" srcset=\"https:\/\/c3.disneyguia.com.br\/site\/wp-content\/uploads\/2018\/03\/08122135\/A-sua-viagem-perfeita.jpg 700w, https:\/\/c3.disneyguia.com.br\/site\/wp-content\/uploads\/2018\/03\/08122135\/A-sua-viagem-perfeita.jpg 300w\" sizes=\"auto, (max-width: 696px) 100vw, 696px\" \/><\/a><\/h4>\n<p style=\"text-align: justify;\">Depois v\u00e1rios anos planejando e quase um ano escrevendo, fico muito feliz de lan\u00e7ar o <a href=\"https:\/\/payment.hotmart.com\/M7024197X?checkoutMode=10\" target=\"_blank\" rel=\"noopener\"><strong>Guia de Orlando<\/strong><\/a>, onde pude compartilhar todo o meu conhecimento que adquiri tanto na \u00e9poca em que eu trabalhava l\u00e1 quanto nas minhas constantes viagens ao Reino M\u00e1gico nos \u00faltimos anos.<\/p>\n<h4 style=\"text-align: justify;\"><strong>O Guia de Orlando est\u00e1 atualizado para 2023 e quem comprar hoje receber\u00e1 a <span style=\"background-color: #ffff00;\">atualiza\u00e7\u00e3o gratuita<\/span> de 2024<\/strong>.<\/h4>\n<p style=\"text-align: justify;\">Este livro cont\u00e9m tudo que voc\u00ea precisa saber para economizar tempo e dinheiro em\u00a0uma viagem \u00e0 Disney! <strong>Dicas de Planejamento, Transporte, Hospedagem, Parques, Fastpass e mais!<\/strong><\/p>\n<p>\u00a0<\/p>\n<h3><span style=\"color: #000080;\"><strong>B\u00f4nus que voc\u00ea recebe com a compra do Guia<\/strong><\/span><\/h3>\n<p style=\"text-align: justify;\"><strong>&#8211; Guia do My Disney Experience<\/strong> \u2013 Guia completo de como criar a sua conta, como cadastrar seus ingressos, como cadastrar seu grupo, como agendar a visita ao parque e mais (o agendamento \u00e9 obrigat\u00f3rio pra visitar os parques).<\/p>\n<p style=\"text-align: justify;\"><strong>&#8211; Guia dos Parques Aqu\u00e1ticos<\/strong> &#8211; Dicas de todos os parques aqu\u00e1ticos de Orlando &#8211; melhores atra\u00e7\u00f5es, onde ficar, onde comer e mais.<\/p>\n<p>\u00a0<\/p>\n<h3><span style=\"color: #000080;\"><strong>O que voc\u00ea vai aprender neste Guia:<\/strong><\/span><\/h3>\n<p><strong>&#8211; Qual a melhor \u00e9poca para ir para Orlando<\/strong> \u2013 quais as caracter\u00edsticas de cada m\u00eas do ano (clima, filas, eventos especiais)<\/p>\n<p><strong>&#8211; Como fazer uma programa\u00e7\u00e3o de viagem<\/strong><\/p>\n<p><strong>&#8211; Dicas de arruma\u00e7\u00e3o de malas<\/strong><\/p>\n<p><strong>&#8211; Explica\u00e7\u00e3o de todos os tipos de ingressos, de todos os parques<\/strong>. Assim voc\u00ea n\u00e3o gasta dinheiro \u00e0 toa comprando um ingresso que n\u00e3o precisa.<\/p>\n<p><strong>&#8211; Dicas de Hospedagem<\/strong> \u2013 onde \u00e9 melhor ficar? Hot\u00e9is da Disney? Hot\u00e9is fora da Disney? Casa Alugada?<\/p>\n<p><strong>&#8211; Dicas de Transporte<\/strong> \u2013 vale \u00e0 pena alugar um carro? Quais as taxas se deve pagar ao alugar um carro? Quais s\u00e3o os seguros obrigat\u00f3rios? Como dirigir em Orlando?<\/p>\n<p>&#8211; Dicas para <strong>evitar filas em todos os parques!<\/strong><\/p>\n<p><strong>&#8211; Principais atra\u00e7\u00f5es de cada parque<\/strong>, <strong>dicas de alimenta\u00e7\u00e3o<\/strong> em cada parque.<\/p>\n<p>&#8211; Dicas de atividades em<strong> Orlando al\u00e9m dos Parques<\/strong><\/p>\n<p>E muitas outras dicas que v\u00e3o fazer toda a diferen\u00e7a na sua viagem!<\/p>\n<h2><span style=\"background-color: #1ad979; color: #ffffff;\"><a style=\"background-color: #1ad979; color: #ffffff;\" href=\"https:\/\/pay.hotmart.com\/M7024197X?off=q7346the&amp;checkoutMode=10&amp;bid=1670228228192\"><strong>\u00a0\u00a0Clique aqui para comprar\u00a0\u00a0<\/strong><\/a><\/span><\/h2>\n<p>\u00a0<\/p>\n<h3 style=\"text-align: justify;\"><strong>Se voc\u00ea ainda est\u00e1 em d\u00favida, veja abaixo as respostas a algumas perguntas frequentes que me fazem sobre o livro:<\/strong><\/h3>\n<h3 style=\"text-align: justify;\"><strong><span style=\"color: #000080;\">Quanto custa e como eu vou receber?<\/span><\/strong><\/h3>\n<p style=\"text-align: justify;\">O livro \u00e9 em formato digital e <strong>voc\u00ea recebe logo depois que o pagamento for confirmado.<\/strong> Se o pagamento for atrav\u00e9s de cart\u00e3o de cr\u00e9dito, a confirma\u00e7\u00e3o leva <strong>de 5 minutos a 48 horas.<\/strong> Se for atrav\u00e9s de boleto banc\u00e1rio, voc\u00ea ter\u00e1 acesso ao livro assim que o boleto for compensado, o que pode levar at\u00e9 3 dias. O pagamento pode ser feito em at\u00e9 10 vezes no cart\u00e3o de cr\u00e9dito. <a href=\"https:\/\/pay.hotmart.com\/M7024197X?off=q7346the&amp;checkoutMode=10&amp;bid=1670228228192\" target=\"_blank\" rel=\"noopener\">Custa <strong>R$ 97,00<\/strong><\/a>.<\/p>\n<h3 style=\"text-align: justify;\"><strong><span style=\"color: #000080;\">Qual o diferencial deste livro?<\/span><\/strong><\/h3>\n<p style=\"text-align: justify;\">A inten\u00e7\u00e3o deste livro \u00e9 te dar informa\u00e7\u00f5es realmente \u00fateis e pr\u00e1ticas para que voc\u00ea possa planejar a sua viagem. Por exemplo, para cada parque existe uma estrat\u00e9gia de roteiro diferente, que visa evitar o m\u00e1ximo de filas poss\u00edvel. \u00c9 diferente que um guia que simplesmente lista todos os hot\u00e9is de Orlando, o que, na minha opini\u00e3o, deixa o visitante ainda mais indeciso. Ao inv\u00e9s disso, procurei colocar os pontos positivos e negativos de cada tipo de hospedagem, para facilitar a sua decis\u00e3o. Voc\u00ea tamb\u00e9m vai conhecer todas as atra\u00e7\u00f5es dos parques, pra poder decidir quais combinam mais com a sua fam\u00edlia.<\/p>\n<h3 style=\"text-align: justify;\"><strong><span style=\"color: #000080;\">Eu j\u00e1 conhe\u00e7o Orlando. Preciso deste livro?<\/span><\/strong><\/h3>\n<p style=\"text-align: justify;\">Acredito que este livro pode ajudar tanto marinheiros de primeira viagem como pessoas que j\u00e1 conhecem a Disney e Orlando. Na sua \u00faltima viagem, voc\u00ea teve a sensa\u00e7\u00e3o de que n\u00e3o conseguiu ver tudo que queria? Enfrentou muitas filas? Se a resposta for sim, acredito que este livro pode te ajudar.<\/p>\n<h3 style=\"text-align: justify;\"><strong><span style=\"color: #000080;\">Este livro tem o mesmo conte\u00fado do site Disney Guia?<\/span><\/strong><\/h3>\n<p style=\"text-align: justify;\"><strong>N\u00e3o,<\/strong> o guia e o site se complementam. Levei quase 1 ano para escrever o livro inteiro, do in\u00edcio ao fim e s\u00e3o<strong> 320 p\u00e1ginas<\/strong> de informa\u00e7\u00e3o. No guia, voc\u00ea encontra informa\u00e7\u00f5es e explica\u00e7\u00f5es muito mais completas sobre alguns t\u00f3picos e algumas informa\u00e7\u00f5es nem est\u00e3o no site.<\/p>\n<h3 style=\"text-align: justify;\"><strong><span style=\"color: #000080;\">Posso imprimir o livro?<\/span><\/strong><\/h3>\n<p style=\"text-align: justify;\">Sim, voc\u00ea vai receber o livro <strong>Guia de Orlando<\/strong> em formato digital, e pode deixar armazenado no seu Smartphone, no seu Tablet ou at\u00e9 imprimir.<\/p>\n<h3 style=\"text-align: justify;\"><strong><span style=\"color: #000080;\">Vou receber o livro pelo correio?<\/span><\/strong><\/h3>\n<p style=\"text-align: justify;\"><strong>N\u00e3o<\/strong>, por enquanto o livro est\u00e1 dispon\u00edvel apenas em formato digital. Mas voc\u00ea pode bax\u00e1-lo quantas vezes quiser, em v\u00e1rios dispositivos diferentes (computador, celular, tablet) e at\u00e9 imprimir se quiser.<\/p>\n<h3 style=\"text-align: justify;\"><strong><span style=\"color: #000080;\">Como fa\u00e7o para adquirir o livro?<\/span><\/strong><\/h3>\n<p style=\"text-align: justify;\">\u00c9 s\u00f3 <a href=\"https:\/\/pay.hotmart.com\/M7024197X?off=q7346the&amp;checkoutMode=10&amp;bid=1670228228192\"><strong>clicar aqui<\/strong><\/a>, e voc\u00ea vai ser redirecionado a uma tela para finalizar a compra, a\u00ed \u00e9 s\u00f3 escolher a forma de pagamento. \u00c9 tudo muito seguro e n\u00e3o armazenamos nenhuma informa\u00e7\u00e3o financeira sua. Para pagamentos em cart\u00e3o de cr\u00e9dito o acesso ao livro \u00e9 logo ap\u00f3s a confirma\u00e7\u00e3o do pagamento, que demora em m\u00e9dia <strong>5 a 10 minutos.<\/strong> Para pagamentos com boleto banc\u00e1rio o acesso se d\u00e1 ap\u00f3s a compensa\u00e7\u00e3o do boleto, que pode ser de at\u00e9 3 dias.<\/p>\n<h3 style=\"text-align: justify;\"><strong><span style=\"color: #000080;\">Satisfa\u00e7\u00e3o Garantida!<\/span><\/strong><\/h3>\n<p style=\"text-align: justify;\"><span style=\"color: #000080;\"><span style=\"color: #000000;\">Ap\u00f3s comprar o livro, voc\u00ea vai ter <strong>15 dias<\/strong> para analisar o conte\u00fado. Se voc\u00ea achar que esse livro n\u00e3o serve pra voc\u00ea, n\u00e3o te ajudou no planejamento da sua viagem, \u00e9 s\u00f3 me mandar um email que <strong>eu devolvo o seu dinheiro<\/strong>, sem fazer perguntas! <strong>Ou seja, o risco de voc\u00ea comprar esse livro agora \u00e9 <\/strong><\/span><strong><span style=\"text-decoration: underline;\">ZERO<\/span><\/strong><span style=\"color: #000000;\"><strong>!<\/strong><\/span><\/span><\/p>\n<p style=\"text-align: justify;\">\u00a0<\/p>\n<h2><span style=\"background-color: #1ad979; color: #ffffff;\"><a style=\"background-color: #1ad979; color: #ffffff;\" href=\"https:\/\/pay.hotmart.com\/M7024197X?off=q7346the&amp;checkoutMode=10&amp;bid=1670228228192\"><strong>\u00a0\u00a0Clique aqui para comprar\u00a0\u00a0<\/strong><\/a><\/span><\/h2>\n<h2><span style=\"color: #000080;\"><strong>Depoimentos<\/strong>:<\/span><\/h2>\n<p>Veja abaixo alguns depoimentos que recebemos de pessoas que j\u00e1 compraram o livro:<\/p>\n<blockquote class=\"td_quote_box td_box_center\">\n<blockquote class=\"td_pull_quote td_pull_center\">\n<p style=\"clear: both; text-align: justify;\"><span style=\"color: #003366;\">Ol\u00e1, Ana!<\/span><br \/><span style=\"color: #003366;\"> Estou com a minha m\u00e3e no Starbucks em Downtown Disney, e aproveito a chuva forte l\u00e1 fora para agradecer a voc\u00ea de cora\u00e7\u00e3o por todas as suas valiosas orienta\u00e7\u00f5es.<\/span><br \/><span style=\"color: #003366;\"> N\u00e3o sei quantas vezes reli o seu guia, principalmente nas v\u00e9speras de ir a cada parque. Tudo deu absolutamente certo, do in\u00edcio ao fim da viagem, desde a hospedagem, transporte, alimenta\u00e7\u00e3o at\u00e9 \u00e0s reservas de fast pass.Posso dizer que ele foi o nosso grande companheiro de viagem.<\/span><\/p>\n<p style=\"clear: both; text-align: justify;\"><span style=\"color: #003366;\">Um grande abra\u00e7o!<\/span><br \/><span style=\"color: #003366;\"> <strong>Ana L\u00facia Sert\u00e3\u00a0<\/strong><\/span><\/p>\n<\/blockquote>\n<\/blockquote>\n<p>____________________________________________<\/p>\n<blockquote class=\"td_quote_box td_box_center\">\n<blockquote class=\"td_pull_quote td_pull_center\">\n<p style=\"clear: both; text-align: justify;\"><span style=\"color: #003366;\">Ola Ana! Acabei de voltar de Orlando semana passada e deixei para responder somente depois de voltar pois gostaria de relatar o quanto o seu livro me ajudou ap\u00f3s ter vivenciado a experi\u00eancia.A viagem foi demais!<\/span><\/p>\n<p style=\"clear: both; text-align: justify;\"><span style=\"color: #003366;\">Quando comprei o livro ja havia reservado o hotel e as passagens, mas em rela\u00e7\u00e3o a todas as outras dicas, me ajudaram bastante. Desde as compras, shoppings e restaurante at\u00e9 tudo em rela\u00e7\u00e3o aos parques! Serviu como um livro de bolso. <\/span><\/p>\n<p style=\"clear: both; text-align: justify;\"><span style=\"color: #003366;\">Sempre que tinha alguma d\u00favida ou precisava organizar o dia seguinte, acessava o seu livro .(deixei baixado no drive no meu celular, n\u00e3o precisava nem de internet). Eram muitas dicas para guardar tudo de mem\u00f3ria,rsrs! Em resumo ,foi bem util.<\/span><br \/><span style=\"color: #003366;\">Parab\u00e9ns pelo livro!<\/span><\/p>\n<p style=\"clear: both; text-align: justify;\"><span style=\"color: #003366;\"><strong>J.<\/strong> (esse leitor pediu para permanecer an\u00f4nimo)<\/span><\/p>\n<\/blockquote>\n<\/blockquote>\n<p>____________________________________________<\/p>\n<blockquote class=\"td_quote_box td_box_center\">\n<blockquote class=\"td_pull_quote td_pull_center\">\n<p style=\"text-align: justify;\"><span style=\"color: #003366;\">Oi Ana, desculpe a demora da resposta. Achei o seu guia o melhor \u00e9 mais completo q j\u00e1 vi. Apesar de estar acostumada a viajar para Orlando sempre falta alguma coisa q n\u00e3o sabemos q existe e o seu guia ajudou bastante.<\/span><\/p>\n<p style=\"text-align: justify;\"><strong><span style=\"color: #003366;\">Ana Paula<\/span><\/strong><\/p>\n<\/blockquote>\n<\/blockquote>\n<p>____________________________________________<\/p>\n<blockquote class=\"td_quote_box td_box_center\">\n<blockquote class=\"td_pull_quote td_pull_center\">\n<p style=\"text-align: justify;\"><span style=\"color: #003366;\">Oi Ana, tudo bem? Estou escrevendo para parabeniz\u00e1-la do livro 101 Dicas Disney e Orlando. J\u00e1 havia comprado v\u00e1rios guias e livros sobre os parques\/Orlando e o seu \u00e9 o mais completo e \u00fatil. Ainda n\u00e3o terminei de ler tudo, mas j\u00e1 aprendi muita coisa e tirei muitas d\u00favidas.<\/span><\/p>\n<p style=\"text-align: justify;\"><span style=\"color: #003366;\">Compramos nosso pacote pra Disney e o livro est\u00e1 nos ajudando muito na programa\u00e7\u00e3o da viagem.<\/span><\/p>\n<p style=\"text-align: justify;\"><span style=\"color: #003366;\">Um abra\u00e7o e mais uma vez, parab\u00e9ns!<\/span><br \/><span style=\"color: #003366;\"> <strong>Jezer Ferris\u00a0<\/strong><\/span><\/p>\n<\/blockquote>\n<\/blockquote>\n<p>_____________________________________________<\/p>\n<blockquote class=\"td_quote_box td_box_center\">\n<blockquote class=\"td_pull_quote td_pull_center\">\n<p style=\"text-align: justify;\"><span style=\"color: #003366;\">Oi, Ana!<\/span><\/p>\n<p style=\"text-align: justify;\"><span style=\"color: #003366;\">Tudo bom com voc\u00ea? Aproveito esse email para desejar-lhe um ano novo excepcional, com lindos e muitos frutos colhidos em consequ\u00eancia de toda seriedade, comprometimento e dedica\u00e7\u00e3o que voc\u00ea tem dispensado ao seu trabalho. Voc\u00ea \u00e9 um diferencial em rela\u00e7\u00e3o a todos os blogs sobre Disney que tenho visitado.<\/span><\/p>\n<p style=\"text-align: justify;\"><span style=\"color: #003366;\">Adorei o seu guia e me ajudou sim! N\u00e3o era novata em termos de Disney, esta foi minha 5\u00aa passagem por l\u00e1, mas quer saber? AMO! E pretendo continuar visitando sempre que puder, rsrsrs<\/span><\/p>\n<p style=\"text-align: justify;\"><span style=\"color: #003366;\">Seu Guia ajudou bastante, mesmo, amei!Parab\u00e9ns por seu trabalho! J\u00e1 indiquei para um monte de gente!<\/span><\/p>\n<p style=\"text-align: justify;\"><span style=\"color: #003366;\">Um beijo e um lindo novo ano pra voc\u00ea!<\/span><br \/><span style=\"color: #003366;\"> <strong>Marcella Badar\u00f3\u00a0<\/strong><\/span><\/p>\n<\/blockquote>\n<\/blockquote>\n<p>______________________________________________<\/p>\n<p>\u00a0<\/p>\n<p><span style=\"color: #ff0000;\"><strong>Ficou com alguma d\u00favida?<\/strong><\/span> Entre em contato comigo atrav\u00e9s do email <span style=\"color: #0000ff;\"><strong>contato@disneyguia.com.br<\/strong><\/span><\/p>\n\n\n<script type=\"text\/javascript\">\n\tfunction importHotmart(){ \n \t\tvar imported = document.createElement('script'); \n \t\timported.src = 'https:\/\/static.hotmart.com\/checkout\/widget.min.js'; \n \t\tdocument.head.appendChild(imported); \n\t\tvar link = document.createElement('link'); \n\t\tlink.rel = 'stylesheet'; \n\t\tlink.type = 'text\/css'; \n\t\tlink.href = 'https:\/\/static.hotmart.com\/css\/hotmart-fb.min.css'; \n\t\tdocument.head.appendChild(link);\t} \n \timportHotmart(); \n <\/script> \n <a onclick=\"return false;\" href=\"https:\/\/pay.hotmart.com\/M7024197X?checkoutMode=2\" class=\"hotmart-fb hotmart__button-checkout\"><img data-recalc-dims=\"1\" decoding=\"async\" src=\"https:\/\/i0.wp.com\/static.hotmart.com\/img\/btn-buy-green.png?w=696&#038;ssl=1\"><\/a>\n","protected":false},"excerpt":{"rendered":"<p>\u00a0 Depois v\u00e1rios anos planejando e quase um ano escrevendo, fico muito feliz de lan\u00e7ar o Guia de Orlando, onde pude compartilhar todo o meu conhecimento que adquiri tanto na \u00e9poca em que eu trabalhava l\u00e1 quanto nas minhas constantes viagens ao Reino M\u00e1gico nos \u00faltimos anos. O Guia de Orlando est\u00e1 atualizado para 2023 [&hellip;]<\/p>\n","protected":false},"author":3,"featured_media":0,"parent":0,"menu_order":0,"comment_status":"open","ping_status":"open","template":"","meta":{"footnotes":""},"class_list":["post-1355","page","type-page","status-publish","hentry"],"yoast_head":"<!-- This site is optimized with the Yoast SEO Premium plugin v20.5 (Yoast SEO v26.9) - https:\/\/yoast.com\/product\/yoast-seo-premium-wordpress\/ -->\n<title>Livro Digital - Guia de Orlando | Disney Guia<\/title>\n<meta name=\"description\" content=\"Guia de Orlando - aprenda a planejar a sua viagem,evitar filas, economizar, comer bem sem gastar muito, conhecer as atra\u00e7\u00f5es e ter a viagem dos seus sonhos! Com o guia digital de Orlando voc\u00ea vai poder montar o seu roteiro personalizado e vai estar mais preparado que 90% dos turistas que visitam os parques de Orlando.\" \/>\n<meta name=\"robots\" content=\"index, follow, max-snippet:-1, max-image-preview:large, max-video-preview:-1\" \/>\n<link rel=\"canonical\" href=\"https:\/\/www.disneyguia.com.br\/site\/guia-de-orlando\/\" \/>\n<meta property=\"og:locale\" content=\"en_US\" \/>\n<meta property=\"og:type\" content=\"article\" \/>\n<meta property=\"og:title\" content=\"O Guia mais completo, pr\u00e1tico e objetivo do Brasil\" \/>\n<meta property=\"og:description\" content=\"Guia de Orlando - aprenda a planejar a sua viagem,evitar filas, economizar, comer bem sem gastar muito, conhecer as atra\u00e7\u00f5es e ter a viagem dos seus sonhos! Com o guia digital de Orlando voc\u00ea vai poder montar o seu roteiro personalizado e vai estar mais preparado que 90% dos turistas que visitam os parques de Orlando.\" \/>\n<meta property=\"og:url\" content=\"https:\/\/www.disneyguia.com.br\/site\/guia-de-orlando\/\" \/>\n<meta property=\"og:site_name\" content=\"Disney Guia\" \/>\n<meta property=\"article:publisher\" content=\"https:\/\/www.facebook.com\/ananovais\" \/>\n<meta property=\"article:modified_time\" content=\"2022-12-06T23:37:09+00:00\" \/>\n<meta property=\"og:image\" content=\"https:\/\/i0.wp.com\/c3.disneyguia.com.br\/site\/wp-content\/uploads\/2018\/03\/08122311\/EBOOK-FACEBOOK.jpg?fit=940%2C788&ssl=1\" \/>\n\t<meta property=\"og:image:width\" content=\"940\" \/>\n\t<meta property=\"og:image:height\" content=\"788\" \/>\n\t<meta property=\"og:image:type\" content=\"image\/jpeg\" \/>\n<meta name=\"twitter:label1\" content=\"Est. reading time\" \/>\n\t<meta name=\"twitter:data1\" content=\"7 minutes\" \/>\n<script type=\"application\/ld+json\" class=\"yoast-schema-graph\">{\"@context\":\"https:\/\/schema.org\",\"@graph\":[{\"@type\":\"WebPage\",\"@id\":\"https:\/\/www.disneyguia.com.br\/site\/guia-de-orlando\/\",\"url\":\"https:\/\/www.disneyguia.com.br\/site\/guia-de-orlando\/\",\"name\":\"Livro Digital - Guia de Orlando | Disney Guia\",\"isPartOf\":{\"@id\":\"https:\/\/www.disneyguia.com.br\/site\/#website\"},\"primaryImageOfPage\":{\"@id\":\"https:\/\/www.disneyguia.com.br\/site\/guia-de-orlando\/#primaryimage\"},\"image\":{\"@id\":\"https:\/\/www.disneyguia.com.br\/site\/guia-de-orlando\/#primaryimage\"},\"thumbnailUrl\":\"https:\/\/www.disneyguia.com.br\/site\/wp-content\/uploads\/2018\/03\/A-sua-viagem-perfeita.jpg\",\"datePublished\":\"2018-03-07T18:17:26+00:00\",\"dateModified\":\"2022-12-06T23:37:09+00:00\",\"description\":\"Guia de Orlando - aprenda a planejar a sua viagem,evitar filas, economizar, comer bem sem gastar muito, conhecer as atra\u00e7\u00f5es e ter a viagem dos seus sonhos! Com o guia digital de Orlando voc\u00ea vai poder montar o seu roteiro personalizado e vai estar mais preparado que 90% dos turistas que visitam os parques de Orlando.\",\"breadcrumb\":{\"@id\":\"https:\/\/www.disneyguia.com.br\/site\/guia-de-orlando\/#breadcrumb\"},\"inLanguage\":\"en-US\",\"potentialAction\":[{\"@type\":\"ReadAction\",\"target\":[\"https:\/\/www.disneyguia.com.br\/site\/guia-de-orlando\/\"]}]},{\"@type\":\"ImageObject\",\"inLanguage\":\"en-US\",\"@id\":\"https:\/\/www.disneyguia.com.br\/site\/guia-de-orlando\/#primaryimage\",\"url\":\"https:\/\/i0.wp.com\/c3.disneyguia.com.br\/site\/wp-content\/uploads\/2018\/03\/08122135\/A-sua-viagem-perfeita.jpg?fit=700%2C250&ssl=1\",\"contentUrl\":\"https:\/\/i0.wp.com\/c3.disneyguia.com.br\/site\/wp-content\/uploads\/2018\/03\/08122135\/A-sua-viagem-perfeita.jpg?fit=700%2C250&ssl=1\",\"width\":700,\"height\":250},{\"@type\":\"BreadcrumbList\",\"@id\":\"https:\/\/www.disneyguia.com.br\/site\/guia-de-orlando\/#breadcrumb\",\"itemListElement\":[{\"@type\":\"ListItem\",\"position\":1,\"name\":\"In\u00edcio\",\"item\":\"https:\/\/www.disneyguia.com.br\/site\/\"},{\"@type\":\"ListItem\",\"position\":2,\"name\":\"Livro Digital &#8211; Guia de Orlando\"}]},{\"@type\":\"WebSite\",\"@id\":\"https:\/\/www.disneyguia.com.br\/site\/#website\",\"url\":\"https:\/\/www.disneyguia.com.br\/site\/\",\"name\":\"Disney Guia\",\"description\":\"Dicas e Roteiros pra Disney e Orlando\",\"potentialAction\":[{\"@type\":\"SearchAction\",\"target\":{\"@type\":\"EntryPoint\",\"urlTemplate\":\"https:\/\/www.disneyguia.com.br\/site\/?s={search_term_string}\"},\"query-input\":{\"@type\":\"PropertyValueSpecification\",\"valueRequired\":true,\"valueName\":\"search_term_string\"}}],\"inLanguage\":\"en-US\"}]}<\/script>\n<!-- \/ Yoast SEO Premium plugin. -->","yoast_head_json":{"title":"Livro Digital - Guia de Orlando | Disney Guia","description":"Guia de Orlando - aprenda a planejar a sua viagem,evitar filas, economizar, comer bem sem gastar muito, conhecer as atra\u00e7\u00f5es e ter a viagem dos seus sonhos! Com o guia digital de Orlando voc\u00ea vai poder montar o seu roteiro personalizado e vai estar mais preparado que 90% dos turistas que visitam os parques de Orlando.","robots":{"index":"index","follow":"follow","max-snippet":"max-snippet:-1","max-image-preview":"max-image-preview:large","max-video-preview":"max-video-preview:-1"},"canonical":"https:\/\/www.disneyguia.com.br\/site\/guia-de-orlando\/","og_locale":"en_US","og_type":"article","og_title":"O Guia mais completo, pr\u00e1tico e objetivo do Brasil","og_description":"Guia de Orlando - aprenda a planejar a sua viagem,evitar filas, economizar, comer bem sem gastar muito, conhecer as atra\u00e7\u00f5es e ter a viagem dos seus sonhos! Com o guia digital de Orlando voc\u00ea vai poder montar o seu roteiro personalizado e vai estar mais preparado que 90% dos turistas que visitam os parques de Orlando.","og_url":"https:\/\/www.disneyguia.com.br\/site\/guia-de-orlando\/","og_site_name":"Disney Guia","article_publisher":"https:\/\/www.facebook.com\/ananovais","article_modified_time":"2022-12-06T23:37:09+00:00","og_image":[{"width":940,"height":788,"url":"https:\/\/i0.wp.com\/c3.disneyguia.com.br\/site\/wp-content\/uploads\/2018\/03\/08122311\/EBOOK-FACEBOOK.jpg?fit=940%2C788&ssl=1","type":"image\/jpeg"}],"twitter_misc":{"Est. reading time":"7 minutes"},"schema":{"@context":"https:\/\/schema.org","@graph":[{"@type":"WebPage","@id":"https:\/\/www.disneyguia.com.br\/site\/guia-de-orlando\/","url":"https:\/\/www.disneyguia.com.br\/site\/guia-de-orlando\/","name":"Livro Digital - Guia de Orlando | Disney Guia","isPartOf":{"@id":"https:\/\/www.disneyguia.com.br\/site\/#website"},"primaryImageOfPage":{"@id":"https:\/\/www.disneyguia.com.br\/site\/guia-de-orlando\/#primaryimage"},"image":{"@id":"https:\/\/www.disneyguia.com.br\/site\/guia-de-orlando\/#primaryimage"},"thumbnailUrl":"https:\/\/www.disneyguia.com.br\/site\/wp-content\/uploads\/2018\/03\/A-sua-viagem-perfeita.jpg","datePublished":"2018-03-07T18:17:26+00:00","dateModified":"2022-12-06T23:37:09+00:00","description":"Guia de Orlando - aprenda a planejar a sua viagem,evitar filas, economizar, comer bem sem gastar muito, conhecer as atra\u00e7\u00f5es e ter a viagem dos seus sonhos! Com o guia digital de Orlando voc\u00ea vai poder montar o seu roteiro personalizado e vai estar mais preparado que 90% dos turistas que visitam os parques de Orlando.","breadcrumb":{"@id":"https:\/\/www.disneyguia.com.br\/site\/guia-de-orlando\/#breadcrumb"},"inLanguage":"en-US","potentialAction":[{"@type":"ReadAction","target":["https:\/\/www.disneyguia.com.br\/site\/guia-de-orlando\/"]}]},{"@type":"ImageObject","inLanguage":"en-US","@id":"https:\/\/www.disneyguia.com.br\/site\/guia-de-orlando\/#primaryimage","url":"https:\/\/i0.wp.com\/c3.disneyguia.com.br\/site\/wp-content\/uploads\/2018\/03\/08122135\/A-sua-viagem-perfeita.jpg?fit=700%2C250&ssl=1","contentUrl":"https:\/\/i0.wp.com\/c3.disneyguia.com.br\/site\/wp-content\/uploads\/2018\/03\/08122135\/A-sua-viagem-perfeita.jpg?fit=700%2C250&ssl=1","width":700,"height":250},{"@type":"BreadcrumbList","@id":"https:\/\/www.disneyguia.com.br\/site\/guia-de-orlando\/#breadcrumb","itemListElement":[{"@type":"ListItem","position":1,"name":"In\u00edcio","item":"https:\/\/www.disneyguia.com.br\/site\/"},{"@type":"ListItem","position":2,"name":"Livro Digital &#8211; Guia de Orlando"}]},{"@type":"WebSite","@id":"https:\/\/www.disneyguia.com.br\/site\/#website","url":"https:\/\/www.disneyguia.com.br\/site\/","name":"Disney Guia","description":"Dicas e Roteiros pra Disney e Orlando","potentialAction":[{"@type":"SearchAction","target":{"@type":"EntryPoint","urlTemplate":"https:\/\/www.disneyguia.com.br\/site\/?s={search_term_string}"},"query-input":{"@type":"PropertyValueSpecification","valueRequired":true,"valueName":"search_term_string"}}],"inLanguage":"en-US"}]}},"jetpack_sharing_enabled":true,"jetpack_likes_enabled":false,"_links":{"self":[{"href":"https:\/\/www.disneyguia.com.br\/site\/wp-json\/wp\/v2\/pages\/1355","targetHints":{"allow":["GET"]}}],"collection":[{"href":"https:\/\/www.disneyguia.com.br\/site\/wp-json\/wp\/v2\/pages"}],"about":[{"href":"https:\/\/www.disneyguia.com.br\/site\/wp-json\/wp\/v2\/types\/page"}],"author":[{"embeddable":true,"href":"https:\/\/www.disneyguia.com.br\/site\/wp-json\/wp\/v2\/users\/3"}],"replies":[{"embeddable":true,"href":"https:\/\/www.disneyguia.com.br\/site\/wp-json\/wp\/v2\/comments?post=1355"}],"version-history":[{"count":9,"href":"https:\/\/www.disneyguia.com.br\/site\/wp-json\/wp\/v2\/pages\/1355\/revisions"}],"predecessor-version":[{"id":9634,"href":"https:\/\/www.disneyguia.com.br\/site\/wp-json\/wp\/v2\/pages\/1355\/revisions\/9634"}],"wp:attachment":[{"href":"https:\/\/www.disneyguia.com.br\/site\/wp-json\/wp\/v2\/media?parent=1355"}],"curies":[{"name":"wp","href":"https:\/\/api.w.org\/{rel}","templated":true}]}}