{"id":1933,"date":"2020-05-20T15:43:33","date_gmt":"2020-05-20T18:43:33","guid":{"rendered":"http:\/\/www.disneyguia.com.br\/web\/?page_id=1933"},"modified":"2023-01-29T02:45:25","modified_gmt":"2023-01-29T05:45:25","slug":"inscricao-ebook-orlando-zero","status":"publish","type":"page","link":"http:\/\/www.disneyguia.com.br\/web\/inscricao-ebook-orlando-zero\/","title":{"rendered":"Inscri\u00e7\u00e3o Ebook Orlando do Zero"},"content":{"rendered":"<p><a data-id-d=\"4\" data-img-style=\"\"><img loading=\"lazy\" decoding=\"async\" src=\"http:\/\/www.disneyguia.com.br\/web\/wp-content\/uploads\/2019\/06\/DISNEYGUIA-RETANGULAR-TRANSP.png\" height=\"270\" width=\"816\" alt=\"\" style=\"\"><\/img><\/a><\/p>\n<h1><strong>Como planejar a viagem perfeita pra Orlando &#8211; <span style=\"color: rgb(255, 103, 16);\">Mesmo sem nunca ter ido pra l\u00e1!<\/span><\/strong><\/h1>\n<p>Ebook gr\u00e1tis revela os erros que voc\u00ea n\u00e3o deve cometer na sua viagem!<\/p>\n<p><span><a href=\"http:\/\/www.disneyguia.com.br\/web\/wp-content\/uploads\/2020\/05\/mockupshots-freeimage-mock-00274.jpg\" target=\"_blank\" rel=\"noopener\"><img decoding=\"async\" alt=\"\" data-id=\"1935\" width=\"406\" data-init-width=\"1045\" height=\"415\" data-init-height=\"1067\" title=\"mockupshots-freeimage-mock-00274\" loading=\"lazy\" src=\"\/\/www.disneyguia.com.br\/web\/wp-content\/uploads\/2020\/05\/mockupshots-freeimage-mock-00274.jpg\" data-width=\"406\" data-height=\"415\" data-link-wrap=\"true\" scale=\"0\" style=\"\"><\/a><\/span><\/p>\n<p style=\"text-align: center;\">\u00a9 2020 DisneyGuia \/ Ana Novais. Todos os direitos reservados.. <span data-attr-id=\"6\" data-attr-static-link=\"{&quot;className&quot;:&quot;&quot;,&quot;href&quot;:&quot;https:\/\/www.disneyguia.com.br\/site\/politica-de-privacidade\/&quot;,&quot;target&quot;:&quot;_blank&quot;,&quot;class&quot;:&quot;&quot;}\" data-extra_key=\"2\" data-shortcode=\"thrive_global_fields\" data-shortcode-name=\"[Legal] Privacy policy\"><a href=\"https:\/\/www.disneyguia.com.br\/site\/politica-de-privacidade\/\" target=\"_blank\" rel=\"noopener\">Pol\u00edtica de Privacidade<\/a><\/span><\/p>\n","protected":false},"excerpt":{"rendered":"<p>Como planejar a viagem perfeita pra Orlando &#8211; Mesmo sem nunca ter ido pra l\u00e1! Ebook gr\u00e1tis revela os erros que voc\u00ea n\u00e3o deve cometer na sua viagem! \u00a9 2020 DisneyGuia \/ Ana Novais. Todos os direitos reservados.. Pol\u00edtica de Privacidade<\/p>\n","protected":false},"author":1,"featured_media":0,"parent":0,"menu_order":0,"comment_status":"closed","ping_status":"closed","template":"","meta":{"footnotes":""},"class_list":["post-1933","page","type-page","status-publish","hentry"],"yoast_head":"<!-- This site is optimized with the Yoast SEO plugin v26.9 - https:\/\/yoast.com\/product\/yoast-seo-wordpress\/ -->\n<title>Inscri\u00e7\u00e3o Ebook Orlando do Zero - Disney Guia<\/title>\n<meta name=\"robots\" content=\"index, follow, max-snippet:-1, max-image-preview:large, max-video-preview:-1\" \/>\n<link rel=\"canonical\" href=\"http:\/\/www.disneyguia.com.br\/web\/inscricao-ebook-orlando-zero\/\" \/>\n<meta property=\"og:locale\" content=\"pt_BR\" \/>\n<meta property=\"og:type\" content=\"article\" \/>\n<meta property=\"og:title\" content=\"Inscri\u00e7\u00e3o Ebook Orlando do Zero - Disney Guia\" \/>\n<meta property=\"og:description\" content=\"Como planejar a viagem perfeita pra Orlando &#8211; Mesmo sem nunca ter ido pra l\u00e1! Ebook gr\u00e1tis revela os erros que voc\u00ea n\u00e3o deve cometer na sua viagem! \u00a9 2020 DisneyGuia \/ Ana Novais. Todos os direitos reservados.. Pol\u00edtica de Privacidade\" \/>\n<meta property=\"og:url\" content=\"http:\/\/www.disneyguia.com.br\/web\/inscricao-ebook-orlando-zero\/\" \/>\n<meta property=\"og:site_name\" content=\"Disney Guia\" \/>\n<meta property=\"article:modified_time\" content=\"2023-01-29T05:45:25+00:00\" \/>\n<meta property=\"og:image\" content=\"http:\/\/www.disneyguia.com.br\/web\/wp-content\/uploads\/2019\/06\/DISNEYGUIA-RETANGULAR-TRANSP.png\" \/>\n<meta name=\"twitter:card\" content=\"summary_large_image\" \/>\n<script type=\"application\/ld+json\" class=\"yoast-schema-graph\">{\"@context\":\"https:\/\/schema.org\",\"@graph\":[{\"@type\":\"WebPage\",\"@id\":\"http:\/\/www.disneyguia.com.br\/web\/inscricao-ebook-orlando-zero\/\",\"url\":\"http:\/\/www.disneyguia.com.br\/web\/inscricao-ebook-orlando-zero\/\",\"name\":\"Inscri\u00e7\u00e3o Ebook Orlando do Zero - Disney Guia\",\"isPartOf\":{\"@id\":\"http:\/\/www.disneyguia.com.br\/web\/#website\"},\"primaryImageOfPage\":{\"@id\":\"http:\/\/www.disneyguia.com.br\/web\/inscricao-ebook-orlando-zero\/#primaryimage\"},\"image\":{\"@id\":\"http:\/\/www.disneyguia.com.br\/web\/inscricao-ebook-orlando-zero\/#primaryimage\"},\"thumbnailUrl\":\"http:\/\/www.disneyguia.com.br\/web\/wp-content\/uploads\/2019\/06\/DISNEYGUIA-RETANGULAR-TRANSP.png\",\"datePublished\":\"2020-05-20T18:43:33+00:00\",\"dateModified\":\"2023-01-29T05:45:25+00:00\",\"breadcrumb\":{\"@id\":\"http:\/\/www.disneyguia.com.br\/web\/inscricao-ebook-orlando-zero\/#breadcrumb\"},\"inLanguage\":\"pt-BR\",\"potentialAction\":[{\"@type\":\"ReadAction\",\"target\":[\"http:\/\/www.disneyguia.com.br\/web\/inscricao-ebook-orlando-zero\/\"]}]},{\"@type\":\"ImageObject\",\"inLanguage\":\"pt-BR\",\"@id\":\"http:\/\/www.disneyguia.com.br\/web\/inscricao-ebook-orlando-zero\/#primaryimage\",\"url\":\"http:\/\/www.disneyguia.com.br\/web\/wp-content\/uploads\/2019\/06\/DISNEYGUIA-RETANGULAR-TRANSP.png\",\"contentUrl\":\"http:\/\/www.disneyguia.com.br\/web\/wp-content\/uploads\/2019\/06\/DISNEYGUIA-RETANGULAR-TRANSP.png\",\"width\":816,\"height\":270},{\"@type\":\"BreadcrumbList\",\"@id\":\"http:\/\/www.disneyguia.com.br\/web\/inscricao-ebook-orlando-zero\/#breadcrumb\",\"itemListElement\":[{\"@type\":\"ListItem\",\"position\":1,\"name\":\"In\u00edcio\",\"item\":\"http:\/\/www.disneyguia.com.br\/web\/\"},{\"@type\":\"ListItem\",\"position\":2,\"name\":\"Inscri\u00e7\u00e3o Ebook Orlando do Zero\"}]},{\"@type\":\"WebSite\",\"@id\":\"http:\/\/www.disneyguia.com.br\/web\/#website\",\"url\":\"http:\/\/www.disneyguia.com.br\/web\/\",\"name\":\"Disney Guia\",\"description\":\"\",\"potentialAction\":[{\"@type\":\"SearchAction\",\"target\":{\"@type\":\"EntryPoint\",\"urlTemplate\":\"http:\/\/www.disneyguia.com.br\/web\/?s={search_term_string}\"},\"query-input\":{\"@type\":\"PropertyValueSpecification\",\"valueRequired\":true,\"valueName\":\"search_term_string\"}}],\"inLanguage\":\"pt-BR\"}]}<\/script>\n<!-- \/ Yoast SEO plugin. -->","yoast_head_json":{"title":"Inscri\u00e7\u00e3o Ebook Orlando do Zero - Disney Guia","robots":{"index":"index","follow":"follow","max-snippet":"max-snippet:-1","max-image-preview":"max-image-preview:large","max-video-preview":"max-video-preview:-1"},"canonical":"http:\/\/www.disneyguia.com.br\/web\/inscricao-ebook-orlando-zero\/","og_locale":"pt_BR","og_type":"article","og_title":"Inscri\u00e7\u00e3o Ebook Orlando do Zero - Disney Guia","og_description":"Como planejar a viagem perfeita pra Orlando &#8211; Mesmo sem nunca ter ido pra l\u00e1! Ebook gr\u00e1tis revela os erros que voc\u00ea n\u00e3o deve cometer na sua viagem! \u00a9 2020 DisneyGuia \/ Ana Novais. Todos os direitos reservados.. Pol\u00edtica de Privacidade","og_url":"http:\/\/www.disneyguia.com.br\/web\/inscricao-ebook-orlando-zero\/","og_site_name":"Disney Guia","article_modified_time":"2023-01-29T05:45:25+00:00","og_image":[{"url":"http:\/\/www.disneyguia.com.br\/web\/wp-content\/uploads\/2019\/06\/DISNEYGUIA-RETANGULAR-TRANSP.png","type":"","width":"","height":""}],"twitter_card":"summary_large_image","schema":{"@context":"https:\/\/schema.org","@graph":[{"@type":"WebPage","@id":"http:\/\/www.disneyguia.com.br\/web\/inscricao-ebook-orlando-zero\/","url":"http:\/\/www.disneyguia.com.br\/web\/inscricao-ebook-orlando-zero\/","name":"Inscri\u00e7\u00e3o Ebook Orlando do Zero - Disney Guia","isPartOf":{"@id":"http:\/\/www.disneyguia.com.br\/web\/#website"},"primaryImageOfPage":{"@id":"http:\/\/www.disneyguia.com.br\/web\/inscricao-ebook-orlando-zero\/#primaryimage"},"image":{"@id":"http:\/\/www.disneyguia.com.br\/web\/inscricao-ebook-orlando-zero\/#primaryimage"},"thumbnailUrl":"http:\/\/www.disneyguia.com.br\/web\/wp-content\/uploads\/2019\/06\/DISNEYGUIA-RETANGULAR-TRANSP.png","datePublished":"2020-05-20T18:43:33+00:00","dateModified":"2023-01-29T05:45:25+00:00","breadcrumb":{"@id":"http:\/\/www.disneyguia.com.br\/web\/inscricao-ebook-orlando-zero\/#breadcrumb"},"inLanguage":"pt-BR","potentialAction":[{"@type":"ReadAction","target":["http:\/\/www.disneyguia.com.br\/web\/inscricao-ebook-orlando-zero\/"]}]},{"@type":"ImageObject","inLanguage":"pt-BR","@id":"http:\/\/www.disneyguia.com.br\/web\/inscricao-ebook-orlando-zero\/#primaryimage","url":"http:\/\/www.disneyguia.com.br\/web\/wp-content\/uploads\/2019\/06\/DISNEYGUIA-RETANGULAR-TRANSP.png","contentUrl":"http:\/\/www.disneyguia.com.br\/web\/wp-content\/uploads\/2019\/06\/DISNEYGUIA-RETANGULAR-TRANSP.png","width":816,"height":270},{"@type":"BreadcrumbList","@id":"http:\/\/www.disneyguia.com.br\/web\/inscricao-ebook-orlando-zero\/#breadcrumb","itemListElement":[{"@type":"ListItem","position":1,"name":"In\u00edcio","item":"http:\/\/www.disneyguia.com.br\/web\/"},{"@type":"ListItem","position":2,"name":"Inscri\u00e7\u00e3o Ebook Orlando do Zero"}]},{"@type":"WebSite","@id":"http:\/\/www.disneyguia.com.br\/web\/#website","url":"http:\/\/www.disneyguia.com.br\/web\/","name":"Disney Guia","description":"","potentialAction":[{"@type":"SearchAction","target":{"@type":"EntryPoint","urlTemplate":"http:\/\/www.disneyguia.com.br\/web\/?s={search_term_string}"},"query-input":{"@type":"PropertyValueSpecification","valueRequired":true,"valueName":"search_term_string"}}],"inLanguage":"pt-BR"}]}},"jetpack_sharing_enabled":true,"_links":{"self":[{"href":"http:\/\/www.disneyguia.com.br\/web\/wp-json\/wp\/v2\/pages\/1933","targetHints":{"allow":["GET"]}}],"collection":[{"href":"http:\/\/www.disneyguia.com.br\/web\/wp-json\/wp\/v2\/pages"}],"about":[{"href":"http:\/\/www.disneyguia.com.br\/web\/wp-json\/wp\/v2\/types\/page"}],"author":[{"embeddable":true,"href":"http:\/\/www.disneyguia.com.br\/web\/wp-json\/wp\/v2\/users\/1"}],"replies":[{"embeddable":true,"href":"http:\/\/www.disneyguia.com.br\/web\/wp-json\/wp\/v2\/comments?post=1933"}],"version-history":[{"count":15,"href":"http:\/\/www.disneyguia.com.br\/web\/wp-json\/wp\/v2\/pages\/1933\/revisions"}],"predecessor-version":[{"id":2488,"href":"http:\/\/www.disneyguia.com.br\/web\/wp-json\/wp\/v2\/pages\/1933\/revisions\/2488"}],"wp:attachment":[{"href":"http:\/\/www.disneyguia.com.br\/web\/wp-json\/wp\/v2\/media?parent=1933"}],"curies":[{"name":"wp","href":"https:\/\/api.w.org\/{rel}","templated":true}]}}